{"id":4381,"date":"2026-03-31T10:09:31","date_gmt":"2026-03-31T10:09:31","guid":{"rendered":"https:\/\/telinemyynti.fi\/?post_type=product&#038;p=4381"},"modified":"2026-04-01T11:53:01","modified_gmt":"2026-04-01T11:53:01","slug":"tyomaa-aita-kiinnike","status":"publish","type":"product","link":"https:\/\/telinemyynti.fi\/en\/product\/tyomaa-aita-kiinnike\/","title":{"rendered":"Ty\u00f6maa-aidan lukko perhoskiinnike aitakiinnike"},"content":{"rendered":"<div class=\"Y3BBE\" data-sfc-cp=\"\" data-sfc-root=\"c\" data-sfc-cb=\"\" data-hveid=\"CAEIBRAA\" data-complete=\"true\" data-processed=\"true\">Ty\u00f6maa-aidan lukko perhoskiinnike aitakiinnike, jolla kiinnitet\u00e4\u00e4n aitaelementit toisiinsa.<\/div>\n<div data-sfc-cp=\"\" data-sfc-root=\"c\" data-sfc-cb=\"\" data-hveid=\"CAEIBRAA\" data-complete=\"true\" data-processed=\"true\">19mm mutteri.<\/div>\n<div data-sfc-cp=\"\" data-sfc-root=\"c\" data-sfc-cb=\"\" data-hveid=\"CAEIBRAA\" data-complete=\"true\" data-processed=\"true\">Kiinnitysklemmari<\/div>\n<div data-sfc-cp=\"\" data-sfc-root=\"c\" data-sfc-cb=\"\" data-hveid=\"CAEIBRAA\" data-complete=\"true\" data-processed=\"true\">Ter\u00e4sverkkoaidan kiinnike<\/div>\n<div data-sfc-cp=\"\" data-sfc-root=\"c\" data-sfc-cb=\"\" data-hveid=\"CAEICBAA\" data-complete=\"true\" data-processed=\"true\"><\/div>","protected":false},"excerpt":{"rendered":"<div class=\"Y3BBE\" data-sfc-cp=\"\" data-sfc-root=\"c\" data-sfc-cb=\"\" data-hveid=\"CAEIBhAA\" data-complete=\"true\" data-processed=\"true\"><\/div>\n<div class=\"Y3BBE\" data-sfc-cp=\"\" data-sfc-root=\"c\" data-sfc-cb=\"\" data-hveid=\"CAEIBRAA\" data-complete=\"true\" data-processed=\"true\">Ty\u00f6maa-aidan lukko perhoskiinnike aitakiinnike, jolla kiinnitet\u00e4\u00e4n aitaelementit toisiinsa.<\/div>\n<div data-sfc-cp=\"\" data-sfc-root=\"c\" data-sfc-cb=\"\" data-hveid=\"CAEIBRAA\" data-complete=\"true\" data-processed=\"true\">19mm mutteri<\/div>\n<div class=\"Y3BBE\" data-sfc-cp=\"\" data-sfc-root=\"c\" data-sfc-cb=\"\" data-hveid=\"CAEIChAA\" data-complete=\"true\" data-processed=\"true\" aria-owns=\"action-menu-parent-container\"><\/div>","protected":false},"featured_media":4374,"comment_status":"open","ping_status":"closed","template":"","meta":{"site-sidebar-layout":"default","site-content-layout":"","ast-site-content-layout":"default","site-content-style":"default","site-sidebar-style":"default","ast-global-header-display":"","ast-banner-title-visibility":"","ast-main-header-display":"","ast-hfb-above-header-display":"","ast-hfb-below-header-display":"","ast-hfb-mobile-header-display":"","site-post-title":"","ast-breadcrumbs-content":"","ast-featured-img":"","footer-sml-layout":"","ast-disable-related-posts":"","theme-transparent-header-meta":"default","adv-header-id-meta":"","stick-header-meta":"","header-above-stick-meta":"","header-main-stick-meta":"","header-below-stick-meta":"","astra-migrate-meta-layouts":"set","ast-page-background-enabled":"default","ast-page-background-meta":{"desktop":{"background-color":"var(--ast-global-color-4)","background-image":"","background-repeat":"repeat","background-position":"center center","background-size":"auto","background-attachment":"scroll","background-type":"","background-media":"","overlay-type":"","overlay-color":"","overlay-opacity":"","overlay-gradient":""},"tablet":{"background-color":"","background-image":"","background-repeat":"repeat","background-position":"center center","background-size":"auto","background-attachment":"scroll","background-type":"","background-media":"","overlay-type":"","overlay-color":"","overlay-opacity":"","overlay-gradient":""},"mobile":{"background-color":"","background-image":"","background-repeat":"repeat","background-position":"center center","background-size":"auto","background-attachment":"scroll","background-type":"","background-media":"","overlay-type":"","overlay-color":"","overlay-opacity":"","overlay-gradient":""}},"ast-content-background-meta":{"desktop":{"background-color":"var(--ast-global-color-5)","background-image":"","background-repeat":"repeat","background-position":"center center","background-size":"auto","background-attachment":"scroll","background-type":"","background-media":"","overlay-type":"","overlay-color":"","overlay-opacity":"","overlay-gradient":""},"tablet":{"background-color":"var(--ast-global-color-5)","background-image":"","background-repeat":"repeat","background-position":"center center","background-size":"auto","background-attachment":"scroll","background-type":"","background-media":"","overlay-type":"","overlay-color":"","overlay-opacity":"","overlay-gradient":""},"mobile":{"background-color":"var(--ast-global-color-5)","background-image":"","background-repeat":"repeat","background-position":"center center","background-size":"auto","background-attachment":"scroll","background-type":"","background-media":"","overlay-type":"","overlay-color":"","overlay-opacity":"","overlay-gradient":""}}},"product_brand":[],"product_cat":[25],"product_tag":[205,204,192,203],"class_list":{"0":"post-4381","1":"product","2":"type-product","3":"status-publish","4":"has-post-thumbnail","6":"product_cat-muut","7":"product_tag-aitakiinnike","8":"product_tag-perhoskiinnike","9":"product_tag-s","10":"product_tag-tyomaa-aidan-lukko","11":"desktop-align-left","12":"tablet-align-left","13":"mobile-align-left","15":"first","16":"instock","17":"shipping-taxable","18":"purchasable","19":"product-type-simple"},"yoast_head":"<!-- This site is optimized with the Yoast SEO plugin v27.2 - https:\/\/yoast.com\/product\/yoast-seo-wordpress\/ -->\n<title>ty\u00f6maa-aidan lukko perhoskiinnike aitakiinnike| Telinemyynti.fi<\/title>\n<meta name=\"description\" content=\"Ty\u00f6maa-aidan lukko perhoskiinnike aitakiinnike, jolla kiinnitet\u00e4\u00e4n aitaelementit toisiinsa.19mm mutteri. Kiinnikeklemmari\" \/>\n<meta name=\"robots\" content=\"index, follow, max-snippet:-1, max-image-preview:large, max-video-preview:-1\" \/>\n<link rel=\"canonical\" href=\"https:\/\/telinemyynti.fi\/en\/product\/tyomaa-aita-kiinnike\/\" \/>\n<meta property=\"og:locale\" content=\"en_US\" \/>\n<meta property=\"og:type\" content=\"article\" \/>\n<meta property=\"og:title\" content=\"ty\u00f6maa-aidan lukko perhoskiinnike aitakiinnike| Telinemyynti.fi\" \/>\n<meta property=\"og:description\" content=\"Ty\u00f6maa-aidan lukko perhoskiinnike aitakiinnike, jolla kiinnitet\u00e4\u00e4n aitaelementit toisiinsa.19mm mutteri. Kiinnikeklemmari\" \/>\n<meta property=\"og:url\" content=\"https:\/\/telinemyynti.fi\/en\/product\/tyomaa-aita-kiinnike\/\" \/>\n<meta property=\"og:site_name\" content=\"Telinemyynti\" \/>\n<meta property=\"article:modified_time\" content=\"2026-04-01T11:53:01+00:00\" \/>\n<meta property=\"og:image\" content=\"https:\/\/telinemyynti.fi\/wp-content\/uploads\/2026\/03\/Screenshot_20260330_142415_Drive.jpg\" \/>\n\t<meta property=\"og:image:width\" content=\"466\" \/>\n\t<meta property=\"og:image:height\" content=\"428\" \/>\n\t<meta property=\"og:image:type\" content=\"image\/jpeg\" \/>\n<meta name=\"twitter:card\" content=\"summary_large_image\" \/>\n<meta name=\"twitter:label1\" content=\"Est. reading time\" \/>\n\t<meta name=\"twitter:data1\" content=\"1 minute\" \/>\n<script type=\"application\/ld+json\" class=\"yoast-schema-graph\">{\"@context\":\"https:\/\/schema.org\",\"@graph\":[{\"@type\":\"WebPage\",\"@id\":\"https:\/\/telinemyynti.fi\/product\/tyomaa-aita-kiinnike\/\",\"url\":\"https:\/\/telinemyynti.fi\/product\/tyomaa-aita-kiinnike\/\",\"name\":\"ty\u00f6maa-aidan lukko perhoskiinnike aitakiinnike| Telinemyynti.fi\",\"isPartOf\":{\"@id\":\"https:\/\/telinemyynti.fi\/#website\"},\"primaryImageOfPage\":{\"@id\":\"https:\/\/telinemyynti.fi\/product\/tyomaa-aita-kiinnike\/#primaryimage\"},\"image\":{\"@id\":\"https:\/\/telinemyynti.fi\/product\/tyomaa-aita-kiinnike\/#primaryimage\"},\"thumbnailUrl\":\"https:\/\/telinemyynti.fi\/wp-content\/uploads\/2026\/03\/Screenshot_20260330_142415_Drive.jpg\",\"datePublished\":\"2026-03-31T10:09:31+00:00\",\"dateModified\":\"2026-04-01T11:53:01+00:00\",\"description\":\"Ty\u00f6maa-aidan lukko perhoskiinnike aitakiinnike, jolla kiinnitet\u00e4\u00e4n aitaelementit toisiinsa.19mm mutteri. Kiinnikeklemmari\",\"breadcrumb\":{\"@id\":\"https:\/\/telinemyynti.fi\/product\/tyomaa-aita-kiinnike\/#breadcrumb\"},\"inLanguage\":\"en-US\",\"potentialAction\":[{\"@type\":\"ReadAction\",\"target\":[\"https:\/\/telinemyynti.fi\/product\/tyomaa-aita-kiinnike\/\"]}]},{\"@type\":\"ImageObject\",\"inLanguage\":\"en-US\",\"@id\":\"https:\/\/telinemyynti.fi\/product\/tyomaa-aita-kiinnike\/#primaryimage\",\"url\":\"https:\/\/telinemyynti.fi\/wp-content\/uploads\/2026\/03\/Screenshot_20260330_142415_Drive.jpg\",\"contentUrl\":\"https:\/\/telinemyynti.fi\/wp-content\/uploads\/2026\/03\/Screenshot_20260330_142415_Drive.jpg\",\"width\":466,\"height\":428},{\"@type\":\"BreadcrumbList\",\"@id\":\"https:\/\/telinemyynti.fi\/product\/tyomaa-aita-kiinnike\/#breadcrumb\",\"itemListElement\":[{\"@type\":\"ListItem\",\"position\":1,\"name\":\"Home\",\"item\":\"https:\/\/telinemyynti.fi\/\"},{\"@type\":\"ListItem\",\"position\":2,\"name\":\"Shop\",\"item\":\"https:\/\/telinemyynti.fi\/shop\/\"},{\"@type\":\"ListItem\",\"position\":3,\"name\":\"Ty\u00f6maa-aidan lukko perhoskiinnike aitakiinnike\"}]},{\"@type\":\"WebSite\",\"@id\":\"https:\/\/telinemyynti.fi\/#website\",\"url\":\"https:\/\/telinemyynti.fi\/\",\"name\":\"Telinemyynti\",\"description\":\"\",\"publisher\":{\"@id\":\"https:\/\/telinemyynti.fi\/#organization\"},\"potentialAction\":[{\"@type\":\"SearchAction\",\"target\":{\"@type\":\"EntryPoint\",\"urlTemplate\":\"https:\/\/telinemyynti.fi\/?s={search_term_string}\"},\"query-input\":{\"@type\":\"PropertyValueSpecification\",\"valueRequired\":true,\"valueName\":\"search_term_string\"}}],\"inLanguage\":\"en-US\"},{\"@type\":\"Organization\",\"@id\":\"https:\/\/telinemyynti.fi\/#organization\",\"name\":\"Telinemyynti\",\"url\":\"https:\/\/telinemyynti.fi\/\",\"logo\":{\"@type\":\"ImageObject\",\"inLanguage\":\"en-US\",\"@id\":\"https:\/\/telinemyynti.fi\/#\/schema\/logo\/image\/\",\"url\":\"https:\/\/telinemyynti.fi\/wp-content\/uploads\/2024\/07\/logo-2.png\",\"contentUrl\":\"https:\/\/telinemyynti.fi\/wp-content\/uploads\/2024\/07\/logo-2.png\",\"width\":280,\"height\":156,\"caption\":\"Telinemyynti\"},\"image\":{\"@id\":\"https:\/\/telinemyynti.fi\/#\/schema\/logo\/image\/\"}}]}<\/script>\n<!-- \/ Yoast SEO plugin. -->","yoast_head_json":{"title":"ty\u00f6maa-aidan lukko perhoskiinnike aitakiinnike| Telinemyynti.fi","description":"Ty\u00f6maa-aidan lukko perhoskiinnike aitakiinnike, jolla kiinnitet\u00e4\u00e4n aitaelementit toisiinsa.19mm mutteri. Kiinnikeklemmari","robots":{"index":"index","follow":"follow","max-snippet":"max-snippet:-1","max-image-preview":"max-image-preview:large","max-video-preview":"max-video-preview:-1"},"canonical":"https:\/\/telinemyynti.fi\/en\/product\/tyomaa-aita-kiinnike\/","og_locale":"en_US","og_type":"article","og_title":"ty\u00f6maa-aidan lukko perhoskiinnike aitakiinnike| Telinemyynti.fi","og_description":"Ty\u00f6maa-aidan lukko perhoskiinnike aitakiinnike, jolla kiinnitet\u00e4\u00e4n aitaelementit toisiinsa.19mm mutteri. Kiinnikeklemmari","og_url":"https:\/\/telinemyynti.fi\/en\/product\/tyomaa-aita-kiinnike\/","og_site_name":"Telinemyynti","article_modified_time":"2026-04-01T11:53:01+00:00","og_image":[{"width":466,"height":428,"url":"https:\/\/telinemyynti.fi\/wp-content\/uploads\/2026\/03\/Screenshot_20260330_142415_Drive.jpg","type":"image\/jpeg"}],"twitter_card":"summary_large_image","twitter_misc":{"Est. reading time":"1 minute"},"schema":{"@context":"https:\/\/schema.org","@graph":[{"@type":"WebPage","@id":"https:\/\/telinemyynti.fi\/product\/tyomaa-aita-kiinnike\/","url":"https:\/\/telinemyynti.fi\/product\/tyomaa-aita-kiinnike\/","name":"ty\u00f6maa-aidan lukko perhoskiinnike aitakiinnike| Telinemyynti.fi","isPartOf":{"@id":"https:\/\/telinemyynti.fi\/#website"},"primaryImageOfPage":{"@id":"https:\/\/telinemyynti.fi\/product\/tyomaa-aita-kiinnike\/#primaryimage"},"image":{"@id":"https:\/\/telinemyynti.fi\/product\/tyomaa-aita-kiinnike\/#primaryimage"},"thumbnailUrl":"https:\/\/telinemyynti.fi\/wp-content\/uploads\/2026\/03\/Screenshot_20260330_142415_Drive.jpg","datePublished":"2026-03-31T10:09:31+00:00","dateModified":"2026-04-01T11:53:01+00:00","description":"Ty\u00f6maa-aidan lukko perhoskiinnike aitakiinnike, jolla kiinnitet\u00e4\u00e4n aitaelementit toisiinsa.19mm mutteri. Kiinnikeklemmari","breadcrumb":{"@id":"https:\/\/telinemyynti.fi\/product\/tyomaa-aita-kiinnike\/#breadcrumb"},"inLanguage":"en-US","potentialAction":[{"@type":"ReadAction","target":["https:\/\/telinemyynti.fi\/product\/tyomaa-aita-kiinnike\/"]}]},{"@type":"ImageObject","inLanguage":"en-US","@id":"https:\/\/telinemyynti.fi\/product\/tyomaa-aita-kiinnike\/#primaryimage","url":"https:\/\/telinemyynti.fi\/wp-content\/uploads\/2026\/03\/Screenshot_20260330_142415_Drive.jpg","contentUrl":"https:\/\/telinemyynti.fi\/wp-content\/uploads\/2026\/03\/Screenshot_20260330_142415_Drive.jpg","width":466,"height":428},{"@type":"BreadcrumbList","@id":"https:\/\/telinemyynti.fi\/product\/tyomaa-aita-kiinnike\/#breadcrumb","itemListElement":[{"@type":"ListItem","position":1,"name":"Home","item":"https:\/\/telinemyynti.fi\/"},{"@type":"ListItem","position":2,"name":"Shop","item":"https:\/\/telinemyynti.fi\/shop\/"},{"@type":"ListItem","position":3,"name":"Ty\u00f6maa-aidan lukko perhoskiinnike aitakiinnike"}]},{"@type":"WebSite","@id":"https:\/\/telinemyynti.fi\/#website","url":"https:\/\/telinemyynti.fi\/","name":"Telinemyynti","description":"","publisher":{"@id":"https:\/\/telinemyynti.fi\/#organization"},"potentialAction":[{"@type":"SearchAction","target":{"@type":"EntryPoint","urlTemplate":"https:\/\/telinemyynti.fi\/?s={search_term_string}"},"query-input":{"@type":"PropertyValueSpecification","valueRequired":true,"valueName":"search_term_string"}}],"inLanguage":"en-US"},{"@type":"Organization","@id":"https:\/\/telinemyynti.fi\/#organization","name":"Telinemyynti","url":"https:\/\/telinemyynti.fi\/","logo":{"@type":"ImageObject","inLanguage":"en-US","@id":"https:\/\/telinemyynti.fi\/#\/schema\/logo\/image\/","url":"https:\/\/telinemyynti.fi\/wp-content\/uploads\/2024\/07\/logo-2.png","contentUrl":"https:\/\/telinemyynti.fi\/wp-content\/uploads\/2024\/07\/logo-2.png","width":280,"height":156,"caption":"Telinemyynti"},"image":{"@id":"https:\/\/telinemyynti.fi\/#\/schema\/logo\/image\/"}}]}},"_links":{"self":[{"href":"https:\/\/telinemyynti.fi\/en\/wp-json\/wp\/v2\/product\/4381","targetHints":{"allow":["GET"]}}],"collection":[{"href":"https:\/\/telinemyynti.fi\/en\/wp-json\/wp\/v2\/product"}],"about":[{"href":"https:\/\/telinemyynti.fi\/en\/wp-json\/wp\/v2\/types\/product"}],"replies":[{"embeddable":true,"href":"https:\/\/telinemyynti.fi\/en\/wp-json\/wp\/v2\/comments?post=4381"}],"wp:featuredmedia":[{"embeddable":true,"href":"https:\/\/telinemyynti.fi\/en\/wp-json\/wp\/v2\/media\/4374"}],"wp:attachment":[{"href":"https:\/\/telinemyynti.fi\/en\/wp-json\/wp\/v2\/media?parent=4381"}],"wp:term":[{"taxonomy":"product_brand","embeddable":true,"href":"https:\/\/telinemyynti.fi\/en\/wp-json\/wp\/v2\/product_brand?post=4381"},{"taxonomy":"product_cat","embeddable":true,"href":"https:\/\/telinemyynti.fi\/en\/wp-json\/wp\/v2\/product_cat?post=4381"},{"taxonomy":"product_tag","embeddable":true,"href":"https:\/\/telinemyynti.fi\/en\/wp-json\/wp\/v2\/product_tag?post=4381"}],"curies":[{"name":"wp","href":"https:\/\/api.w.org\/{rel}","templated":true}]}}