{"id":4378,"date":"2026-03-31T09:35:42","date_gmt":"2026-03-31T09:35:42","guid":{"rendered":"https:\/\/telinemyynti.fi\/?post_type=product&#038;p=4378"},"modified":"2026-03-31T09:48:13","modified_gmt":"2026-03-31T09:48:13","slug":"betonipaino-aitaelementtiin-32kg","status":"publish","type":"product","link":"https:\/\/telinemyynti.fi\/en\/product\/betonipaino-aitaelementtiin-32kg\/","title":{"rendered":"Betonipaino aitaelementtiin 32kg"},"content":{"rendered":"<div class=\"Y3BBE\" data-sfc-cp=\"\" data-sfc-root=\"c\" data-sfc-cb=\"\" data-hveid=\"CAEIAxAA\" data-complete=\"true\" data-processed=\"true\"><strong class=\"Yjhzub\" data-sfc-root=\"c\" data-sfc-cb=\"\" data-complete=\"true\" data-processed=\"true\">Tukeva betonipaino aitaelementeille \u2013 32 kg\u00a0<\/strong><br data-sfc-root=\"c\" data-sfc-pl=\"|[]\" data-sfc-cb=\"\" data-complete=\"true\" data-processed=\"true\" \/><button class=\"rBl3me\" tabindex=\"0\" data-amic=\"true\" data-icl-uuid=\"7c11803f-2edf-4b41-a864-8bb6817afdea\" aria-label=\"N\u00e4yt\u00e4 aiheeseen liittyv\u00e4t linkit\" data-wiz-attrbind=\"disabled=CaxPi_r\/C5gNJc;aria-label=CaxPi_r\/bOjMyf;class=CaxPi_r\/UpSNec\" data-ved=\"2ahUKEwiKxtSJ6cmTAxXZJRAIHQ5UEL8Qye0OegYIAQgDEAE\" data-hveid=\"CAEIAxAB\"><\/button><\/div>\n<ul class=\"KsbFXc U6u95\" data-sfc-root=\"c\" data-sfc-cb=\"\" data-complete=\"true\" data-processed=\"true\">\n<li class=\"dF3vjf\" data-sfc-root=\"c\" data-sfc-cb=\"\" data-hveid=\"CAEIBBAA\" data-complete=\"true\" data-sae=\"\"><span class=\"T286Pc\" data-sfc-cp=\"\" data-sfc-root=\"c\" data-sfc-cb=\"\" data-complete=\"true\"><strong class=\"Yjhzub\" data-sfc-root=\"c\" data-sfc-cb=\"\" data-complete=\"true\">Paino:<\/strong>\u00a032 kg<\/span><\/li>\n<li class=\"dF3vjf\" data-sfc-root=\"c\" data-sfc-cb=\"\" data-hveid=\"CAEIBBAB\" data-complete=\"true\" data-sae=\"\"><span class=\"T286Pc\" data-sfc-cp=\"\" data-sfc-root=\"c\" data-sfc-cb=\"\" data-complete=\"true\"><strong class=\"Yjhzub\" data-sfc-root=\"c\" data-sfc-cb=\"\" data-complete=\"true\">Mitat:<\/strong>\u00a0620 x 220 x 140 mm<\/span><\/li>\n<li class=\"dF3vjf\" data-sfc-root=\"c\" data-sfc-cb=\"\" data-hveid=\"CAEIBBAC\" data-complete=\"true\" data-sae=\"\"><span class=\"T286Pc\" data-sfc-cp=\"\" data-sfc-root=\"c\" data-sfc-cb=\"\" data-complete=\"true\"><strong class=\"Yjhzub\" data-sfc-root=\"c\" data-sfc-cb=\"\" data-complete=\"true\">Yhteensopivuus:<\/strong> 7 kpl \u00d8 40 mm reiki\u00e4 mahdollistavat monipuoliset asennuskulmat ja useiden aitaelementtien liitokset samaan painoon.<\/span><button class=\"rBl3me\" tabindex=\"0\" data-amic=\"true\" data-icl-uuid=\"6b5a6005-a030-4ab4-80d7-9d39c38845ff\" aria-label=\"N\u00e4yt\u00e4 aiheeseen liittyv\u00e4t linkit\" data-wiz-attrbind=\"disabled=CaxPi_14\/C5gNJc;aria-label=CaxPi_14\/bOjMyf;class=CaxPi_14\/UpSNec\" data-ved=\"2ahUKEwiKxtSJ6cmTAxXZJRAIHQ5UEL8Qye0OegYIAQgEEAM\" data-hveid=\"CAEIBBAD\"><\/button><\/li>\n<\/ul>","protected":false},"excerpt":{"rendered":"<p>Tukeva betonipaino aitaelementeille \u2013 32 kg\u00a0 Paino:\u00a032 kg Mitat:\u00a0620 x 220 x 140 mm Yhteensopivuus: 7 kpl \u00d8 40 mm [&hellip;]<\/p>\n","protected":false},"featured_media":4375,"comment_status":"open","ping_status":"closed","template":"","meta":{"site-sidebar-layout":"default","site-content-layout":"","ast-site-content-layout":"default","site-content-style":"default","site-sidebar-style":"default","ast-global-header-display":"","ast-banner-title-visibility":"","ast-main-header-display":"","ast-hfb-above-header-display":"","ast-hfb-below-header-display":"","ast-hfb-mobile-header-display":"","site-post-title":"","ast-breadcrumbs-content":"","ast-featured-img":"","footer-sml-layout":"","ast-disable-related-posts":"","theme-transparent-header-meta":"default","adv-header-id-meta":"","stick-header-meta":"","header-above-stick-meta":"","header-main-stick-meta":"","header-below-stick-meta":"","astra-migrate-meta-layouts":"set","ast-page-background-enabled":"default","ast-page-background-meta":{"desktop":{"background-color":"var(--ast-global-color-4)","background-image":"","background-repeat":"repeat","background-position":"center center","background-size":"auto","background-attachment":"scroll","background-type":"","background-media":"","overlay-type":"","overlay-color":"","overlay-opacity":"","overlay-gradient":""},"tablet":{"background-color":"","background-image":"","background-repeat":"repeat","background-position":"center center","background-size":"auto","background-attachment":"scroll","background-type":"","background-media":"","overlay-type":"","overlay-color":"","overlay-opacity":"","overlay-gradient":""},"mobile":{"background-color":"","background-image":"","background-repeat":"repeat","background-position":"center center","background-size":"auto","background-attachment":"scroll","background-type":"","background-media":"","overlay-type":"","overlay-color":"","overlay-opacity":"","overlay-gradient":""}},"ast-content-background-meta":{"desktop":{"background-color":"var(--ast-global-color-5)","background-image":"","background-repeat":"repeat","background-position":"center center","background-size":"auto","background-attachment":"scroll","background-type":"","background-media":"","overlay-type":"","overlay-color":"","overlay-opacity":"","overlay-gradient":""},"tablet":{"background-color":"var(--ast-global-color-5)","background-image":"","background-repeat":"repeat","background-position":"center center","background-size":"auto","background-attachment":"scroll","background-type":"","background-media":"","overlay-type":"","overlay-color":"","overlay-opacity":"","overlay-gradient":""},"mobile":{"background-color":"var(--ast-global-color-5)","background-image":"","background-repeat":"repeat","background-position":"center center","background-size":"auto","background-attachment":"scroll","background-type":"","background-media":"","overlay-type":"","overlay-color":"","overlay-opacity":"","overlay-gradient":""}}},"product_brand":[],"product_cat":[25],"product_tag":[200,199,198,202,201],"class_list":{"0":"post-4378","1":"product","2":"type-product","3":"status-publish","4":"has-post-thumbnail","6":"product_cat-muut","7":"product_tag-aitaelementin-jalka","8":"product_tag-aitajalusta","9":"product_tag-betonipaino","10":"product_tag-concrete","11":"product_tag-tyomaa-aidan-paino","12":"desktop-align-left","13":"tablet-align-left","14":"mobile-align-left","16":"first","17":"instock","18":"shipping-taxable","19":"purchasable","20":"product-type-simple"},"yoast_head":"<!-- This site is optimized with the Yoast SEO plugin v27.2 - https:\/\/yoast.com\/product\/yoast-seo-wordpress\/ -->\n<title>Betonipaino aitaelementtiin 32kg - Telinemyynti<\/title>\n<meta name=\"description\" content=\"Ty\u00f6maa-aidan paino Aitaelementin jalka Betonipaino 32kg. betonijalusta 7 rei\u00e4ll\u00e4. pituus 620mm leveys 220mm korkeus 140mm. Tukeva perinteinen malli\" \/>\n<meta name=\"robots\" content=\"index, follow, max-snippet:-1, max-image-preview:large, max-video-preview:-1\" \/>\n<link rel=\"canonical\" href=\"https:\/\/telinemyynti.fi\/en\/product\/betonipaino-aitaelementtiin-32kg\/\" \/>\n<meta property=\"og:locale\" content=\"en_US\" \/>\n<meta property=\"og:type\" content=\"article\" \/>\n<meta property=\"og:title\" content=\"Betonipaino aitaelementtiin 32kg - Telinemyynti\" \/>\n<meta property=\"og:description\" content=\"Ty\u00f6maa-aidan paino Aitaelementin jalka Betonipaino 32kg. betonijalusta 7 rei\u00e4ll\u00e4. pituus 620mm leveys 220mm korkeus 140mm. Tukeva perinteinen malli\" \/>\n<meta property=\"og:url\" content=\"https:\/\/telinemyynti.fi\/en\/product\/betonipaino-aitaelementtiin-32kg\/\" \/>\n<meta property=\"og:site_name\" content=\"Telinemyynti\" \/>\n<meta property=\"article:modified_time\" content=\"2026-03-31T09:48:13+00:00\" \/>\n<meta property=\"og:image\" content=\"https:\/\/telinemyynti.fi\/wp-content\/uploads\/2026\/03\/Screenshot_20260330_142348_Drive.jpg\" \/>\n\t<meta property=\"og:image:width\" content=\"341\" \/>\n\t<meta property=\"og:image:height\" content=\"201\" \/>\n\t<meta property=\"og:image:type\" content=\"image\/jpeg\" \/>\n<meta name=\"twitter:card\" content=\"summary_large_image\" \/>\n<meta name=\"twitter:label1\" content=\"Est. reading time\" \/>\n\t<meta name=\"twitter:data1\" content=\"1 minute\" \/>\n<script type=\"application\/ld+json\" class=\"yoast-schema-graph\">{\"@context\":\"https:\/\/schema.org\",\"@graph\":[{\"@type\":\"WebPage\",\"@id\":\"https:\/\/telinemyynti.fi\/product\/betonipaino-aitaelementtiin-32kg\/\",\"url\":\"https:\/\/telinemyynti.fi\/product\/betonipaino-aitaelementtiin-32kg\/\",\"name\":\"Betonipaino aitaelementtiin 32kg - Telinemyynti\",\"isPartOf\":{\"@id\":\"https:\/\/telinemyynti.fi\/#website\"},\"primaryImageOfPage\":{\"@id\":\"https:\/\/telinemyynti.fi\/product\/betonipaino-aitaelementtiin-32kg\/#primaryimage\"},\"image\":{\"@id\":\"https:\/\/telinemyynti.fi\/product\/betonipaino-aitaelementtiin-32kg\/#primaryimage\"},\"thumbnailUrl\":\"https:\/\/telinemyynti.fi\/wp-content\/uploads\/2026\/03\/Screenshot_20260330_142348_Drive.jpg\",\"datePublished\":\"2026-03-31T09:35:42+00:00\",\"dateModified\":\"2026-03-31T09:48:13+00:00\",\"description\":\"Ty\u00f6maa-aidan paino Aitaelementin jalka Betonipaino 32kg. betonijalusta 7 rei\u00e4ll\u00e4. pituus 620mm leveys 220mm korkeus 140mm. Tukeva perinteinen malli\",\"breadcrumb\":{\"@id\":\"https:\/\/telinemyynti.fi\/product\/betonipaino-aitaelementtiin-32kg\/#breadcrumb\"},\"inLanguage\":\"en-US\",\"potentialAction\":[{\"@type\":\"ReadAction\",\"target\":[\"https:\/\/telinemyynti.fi\/product\/betonipaino-aitaelementtiin-32kg\/\"]}]},{\"@type\":\"ImageObject\",\"inLanguage\":\"en-US\",\"@id\":\"https:\/\/telinemyynti.fi\/product\/betonipaino-aitaelementtiin-32kg\/#primaryimage\",\"url\":\"https:\/\/telinemyynti.fi\/wp-content\/uploads\/2026\/03\/Screenshot_20260330_142348_Drive.jpg\",\"contentUrl\":\"https:\/\/telinemyynti.fi\/wp-content\/uploads\/2026\/03\/Screenshot_20260330_142348_Drive.jpg\",\"width\":341,\"height\":201},{\"@type\":\"BreadcrumbList\",\"@id\":\"https:\/\/telinemyynti.fi\/product\/betonipaino-aitaelementtiin-32kg\/#breadcrumb\",\"itemListElement\":[{\"@type\":\"ListItem\",\"position\":1,\"name\":\"Home\",\"item\":\"https:\/\/telinemyynti.fi\/\"},{\"@type\":\"ListItem\",\"position\":2,\"name\":\"Shop\",\"item\":\"https:\/\/telinemyynti.fi\/shop\/\"},{\"@type\":\"ListItem\",\"position\":3,\"name\":\"Betonipaino aitaelementtiin 32kg\"}]},{\"@type\":\"WebSite\",\"@id\":\"https:\/\/telinemyynti.fi\/#website\",\"url\":\"https:\/\/telinemyynti.fi\/\",\"name\":\"Telinemyynti\",\"description\":\"\",\"publisher\":{\"@id\":\"https:\/\/telinemyynti.fi\/#organization\"},\"potentialAction\":[{\"@type\":\"SearchAction\",\"target\":{\"@type\":\"EntryPoint\",\"urlTemplate\":\"https:\/\/telinemyynti.fi\/?s={search_term_string}\"},\"query-input\":{\"@type\":\"PropertyValueSpecification\",\"valueRequired\":true,\"valueName\":\"search_term_string\"}}],\"inLanguage\":\"en-US\"},{\"@type\":\"Organization\",\"@id\":\"https:\/\/telinemyynti.fi\/#organization\",\"name\":\"Telinemyynti\",\"url\":\"https:\/\/telinemyynti.fi\/\",\"logo\":{\"@type\":\"ImageObject\",\"inLanguage\":\"en-US\",\"@id\":\"https:\/\/telinemyynti.fi\/#\/schema\/logo\/image\/\",\"url\":\"https:\/\/telinemyynti.fi\/wp-content\/uploads\/2024\/07\/logo-2.png\",\"contentUrl\":\"https:\/\/telinemyynti.fi\/wp-content\/uploads\/2024\/07\/logo-2.png\",\"width\":280,\"height\":156,\"caption\":\"Telinemyynti\"},\"image\":{\"@id\":\"https:\/\/telinemyynti.fi\/#\/schema\/logo\/image\/\"}}]}<\/script>\n<!-- \/ Yoast SEO plugin. -->","yoast_head_json":{"title":"Betonipaino aitaelementtiin 32kg - Telinemyynti","description":"Ty\u00f6maa-aidan paino Aitaelementin jalka Betonipaino 32kg. betonijalusta 7 rei\u00e4ll\u00e4. pituus 620mm leveys 220mm korkeus 140mm. Tukeva perinteinen malli","robots":{"index":"index","follow":"follow","max-snippet":"max-snippet:-1","max-image-preview":"max-image-preview:large","max-video-preview":"max-video-preview:-1"},"canonical":"https:\/\/telinemyynti.fi\/en\/product\/betonipaino-aitaelementtiin-32kg\/","og_locale":"en_US","og_type":"article","og_title":"Betonipaino aitaelementtiin 32kg - Telinemyynti","og_description":"Ty\u00f6maa-aidan paino Aitaelementin jalka Betonipaino 32kg. betonijalusta 7 rei\u00e4ll\u00e4. pituus 620mm leveys 220mm korkeus 140mm. Tukeva perinteinen malli","og_url":"https:\/\/telinemyynti.fi\/en\/product\/betonipaino-aitaelementtiin-32kg\/","og_site_name":"Telinemyynti","article_modified_time":"2026-03-31T09:48:13+00:00","og_image":[{"width":341,"height":201,"url":"https:\/\/telinemyynti.fi\/wp-content\/uploads\/2026\/03\/Screenshot_20260330_142348_Drive.jpg","type":"image\/jpeg"}],"twitter_card":"summary_large_image","twitter_misc":{"Est. reading time":"1 minute"},"schema":{"@context":"https:\/\/schema.org","@graph":[{"@type":"WebPage","@id":"https:\/\/telinemyynti.fi\/product\/betonipaino-aitaelementtiin-32kg\/","url":"https:\/\/telinemyynti.fi\/product\/betonipaino-aitaelementtiin-32kg\/","name":"Betonipaino aitaelementtiin 32kg - Telinemyynti","isPartOf":{"@id":"https:\/\/telinemyynti.fi\/#website"},"primaryImageOfPage":{"@id":"https:\/\/telinemyynti.fi\/product\/betonipaino-aitaelementtiin-32kg\/#primaryimage"},"image":{"@id":"https:\/\/telinemyynti.fi\/product\/betonipaino-aitaelementtiin-32kg\/#primaryimage"},"thumbnailUrl":"https:\/\/telinemyynti.fi\/wp-content\/uploads\/2026\/03\/Screenshot_20260330_142348_Drive.jpg","datePublished":"2026-03-31T09:35:42+00:00","dateModified":"2026-03-31T09:48:13+00:00","description":"Ty\u00f6maa-aidan paino Aitaelementin jalka Betonipaino 32kg. betonijalusta 7 rei\u00e4ll\u00e4. pituus 620mm leveys 220mm korkeus 140mm. Tukeva perinteinen malli","breadcrumb":{"@id":"https:\/\/telinemyynti.fi\/product\/betonipaino-aitaelementtiin-32kg\/#breadcrumb"},"inLanguage":"en-US","potentialAction":[{"@type":"ReadAction","target":["https:\/\/telinemyynti.fi\/product\/betonipaino-aitaelementtiin-32kg\/"]}]},{"@type":"ImageObject","inLanguage":"en-US","@id":"https:\/\/telinemyynti.fi\/product\/betonipaino-aitaelementtiin-32kg\/#primaryimage","url":"https:\/\/telinemyynti.fi\/wp-content\/uploads\/2026\/03\/Screenshot_20260330_142348_Drive.jpg","contentUrl":"https:\/\/telinemyynti.fi\/wp-content\/uploads\/2026\/03\/Screenshot_20260330_142348_Drive.jpg","width":341,"height":201},{"@type":"BreadcrumbList","@id":"https:\/\/telinemyynti.fi\/product\/betonipaino-aitaelementtiin-32kg\/#breadcrumb","itemListElement":[{"@type":"ListItem","position":1,"name":"Home","item":"https:\/\/telinemyynti.fi\/"},{"@type":"ListItem","position":2,"name":"Shop","item":"https:\/\/telinemyynti.fi\/shop\/"},{"@type":"ListItem","position":3,"name":"Betonipaino aitaelementtiin 32kg"}]},{"@type":"WebSite","@id":"https:\/\/telinemyynti.fi\/#website","url":"https:\/\/telinemyynti.fi\/","name":"Telinemyynti","description":"","publisher":{"@id":"https:\/\/telinemyynti.fi\/#organization"},"potentialAction":[{"@type":"SearchAction","target":{"@type":"EntryPoint","urlTemplate":"https:\/\/telinemyynti.fi\/?s={search_term_string}"},"query-input":{"@type":"PropertyValueSpecification","valueRequired":true,"valueName":"search_term_string"}}],"inLanguage":"en-US"},{"@type":"Organization","@id":"https:\/\/telinemyynti.fi\/#organization","name":"Telinemyynti","url":"https:\/\/telinemyynti.fi\/","logo":{"@type":"ImageObject","inLanguage":"en-US","@id":"https:\/\/telinemyynti.fi\/#\/schema\/logo\/image\/","url":"https:\/\/telinemyynti.fi\/wp-content\/uploads\/2024\/07\/logo-2.png","contentUrl":"https:\/\/telinemyynti.fi\/wp-content\/uploads\/2024\/07\/logo-2.png","width":280,"height":156,"caption":"Telinemyynti"},"image":{"@id":"https:\/\/telinemyynti.fi\/#\/schema\/logo\/image\/"}}]}},"_links":{"self":[{"href":"https:\/\/telinemyynti.fi\/en\/wp-json\/wp\/v2\/product\/4378","targetHints":{"allow":["GET"]}}],"collection":[{"href":"https:\/\/telinemyynti.fi\/en\/wp-json\/wp\/v2\/product"}],"about":[{"href":"https:\/\/telinemyynti.fi\/en\/wp-json\/wp\/v2\/types\/product"}],"replies":[{"embeddable":true,"href":"https:\/\/telinemyynti.fi\/en\/wp-json\/wp\/v2\/comments?post=4378"}],"wp:featuredmedia":[{"embeddable":true,"href":"https:\/\/telinemyynti.fi\/en\/wp-json\/wp\/v2\/media\/4375"}],"wp:attachment":[{"href":"https:\/\/telinemyynti.fi\/en\/wp-json\/wp\/v2\/media?parent=4378"}],"wp:term":[{"taxonomy":"product_brand","embeddable":true,"href":"https:\/\/telinemyynti.fi\/en\/wp-json\/wp\/v2\/product_brand?post=4378"},{"taxonomy":"product_cat","embeddable":true,"href":"https:\/\/telinemyynti.fi\/en\/wp-json\/wp\/v2\/product_cat?post=4378"},{"taxonomy":"product_tag","embeddable":true,"href":"https:\/\/telinemyynti.fi\/en\/wp-json\/wp\/v2\/product_tag?post=4378"}],"curies":[{"name":"wp","href":"https:\/\/api.w.org\/{rel}","templated":true}]}}