{"id":4368,"date":"2026-03-30T08:08:37","date_gmt":"2026-03-30T08:08:37","guid":{"rendered":"https:\/\/telinemyynti.fi\/?post_type=product&#038;p=4368"},"modified":"2026-03-30T11:16:10","modified_gmt":"2026-03-30T11:16:10","slug":"pikaliina-105mm-raikalla","status":"publish","type":"product","link":"https:\/\/telinemyynti.fi\/en\/product\/pikaliina-105mm-raikalla\/","title":{"rendered":"Pikaliina 1,05mm r\u00e4ik\u00e4ll\u00e4"},"content":{"rendered":"","protected":false},"excerpt":{"rendered":"<div class=\"otQkpb\" role=\"heading\" aria-level=\"3\" data-animation-nesting=\"\" data-sfc-cp=\"\" data-sfc-root=\"c\" data-sfc-cb=\"\" data-processed=\"true\" data-sae=\"\" data-complete=\"true\"><strong class=\"Yjhzub\" data-sfc-root=\"c\" data-sfc-cb=\"\" data-complete=\"true\">J\u00e4m\u00e4kk\u00e4 Pikaliina \u2013 Nyt vain 2,50 \u20ac! (alv 0 %)<\/strong><button class=\"rBl3me\" tabindex=\"0\" data-amic=\"true\" data-icl-uuid=\"b4aca296-0424-4dd7-8050-0903edbaf31f\" aria-label=\"N\u00e4yt\u00e4 aiheeseen liittyv\u00e4t linkit\" data-wiz-attrbind=\"disabled=erKaHe_o\/C5gNJc;aria-label=erKaHe_o\/bOjMyf;class=erKaHe_o\/UpSNec\" data-ved=\"2ahUKEwibkLiRmMeTAxV9UVUIHU6sBjMQye0OegYIAQgDEAA\" data-hveid=\"CAEIAxAA\"><\/button><\/div>\n<div class=\"Y3BBE\" data-sfc-cp=\"\" data-sfc-root=\"c\" data-sfc-cb=\"\" data-hveid=\"CAEIBBAA\" data-complete=\"true\" data-processed=\"true\">Etsitk\u00f6 luotettavaa sidontaratkaisua, joka ei pet\u00e4 tiukassakaan paikassa?\u00a0<strong class=\"Yjhzub\" data-sfc-root=\"c\" data-sfc-cb=\"\" data-complete=\"true\" data-processed=\"true\">Telinemyynti.fi<\/strong>\u00a0esittelee ammattitason pikalukkovy\u00f6n, jossa yhdistyv\u00e4t poikkeuksellinen voima ja tyylik\u00e4s viimeistely.<button class=\"rBl3me\" tabindex=\"0\" data-amic=\"true\" data-icl-uuid=\"067e5694-8af8-4c4f-8bea-234da3baa094\" aria-label=\"N\u00e4yt\u00e4 aiheeseen liittyv\u00e4t linkit\" data-wiz-attrbind=\"disabled=erKaHe_t\/C5gNJc;aria-label=erKaHe_t\/bOjMyf;class=erKaHe_t\/UpSNec\" data-ved=\"2ahUKEwibkLiRmMeTAxV9UVUIHU6sBjMQye0OegYIAQgEEAE\" data-hveid=\"CAEIBBAB\"><\/button><\/div>\n<div class=\"Y3BBE\" data-sfc-cp=\"\" data-sfc-root=\"c\" data-sfc-cb=\"\" data-hveid=\"CAEIBRAA\" data-complete=\"true\" data-processed=\"true\">T\u00e4m\u00e4 ei ole tavallinen markettiliina.\u00a0<strong class=\"Yjhzub\" data-sfc-root=\"c\" data-sfc-cb=\"\" data-complete=\"true\" data-processed=\"true\">38 mm leveys<\/strong>\u00a0ja jopa\u00a0<strong class=\"Yjhzub\" data-sfc-root=\"c\" data-sfc-cb=\"\" data-complete=\"true\" data-processed=\"true\">800 kg murtolujuus<\/strong> tekev\u00e4t t\u00e4st\u00e4 pituuteensa n\u00e4hden (1,05 m) todellisen pelin. L<strong class=\"Yjhzub\" data-sfc-root=\"c\" data-sfc-cb=\"\" data-complete=\"true\" data-processed=\"true\">aadukas pikalukko\/peukalolukko<\/strong>\u00a0takaa, ett\u00e4 liina puree kiinni v\u00e4litt\u00f6m\u00e4sti ja pysyy paikoillaan \u2013 tuntuma on j\u00e4m\u00e4kk\u00e4 ja luotettava.<button class=\"rBl3me\" tabindex=\"0\" data-amic=\"true\" data-icl-uuid=\"23c9fe90-7e67-4a9a-9437-5a5e7353c7de\" aria-label=\"N\u00e4yt\u00e4 aiheeseen liittyv\u00e4t linkit\" data-wiz-attrbind=\"disabled=erKaHe_10\/C5gNJc;aria-label=erKaHe_10\/bOjMyf;class=erKaHe_10\/UpSNec\" data-ved=\"2ahUKEwibkLiRmMeTAxV9UVUIHU6sBjMQye0OegYIAQgFEAE\" data-hveid=\"CAEIBRAB\"><\/button><\/div>\n<div class=\"Y3BBE\" data-sfc-cp=\"\" data-sfc-root=\"c\" data-sfc-cb=\"\" data-hveid=\"CAEIBhAA\" data-complete=\"true\" data-processed=\"true\"><strong class=\"Yjhzub\" data-sfc-root=\"c\" data-sfc-cb=\"\" data-complete=\"true\" data-processed=\"true\">Tuotetiedot tiivistettyn\u00e4:<\/strong><button class=\"rBl3me\" tabindex=\"0\" data-amic=\"true\" data-icl-uuid=\"1a042803-3df3-4483-97be-0166183c271b\" aria-label=\"N\u00e4yt\u00e4 aiheeseen liittyv\u00e4t linkit\" data-wiz-attrbind=\"disabled=erKaHe_15\/C5gNJc;aria-label=erKaHe_15\/bOjMyf;class=erKaHe_15\/UpSNec\" data-ved=\"2ahUKEwibkLiRmMeTAxV9UVUIHU6sBjMQye0OegYIAQgGEAE\" data-hveid=\"CAEIBhAB\"><\/button><\/div>\n<ul class=\"KsbFXc U6u95\" data-sfc-root=\"c\" data-sfc-cb=\"\" data-processed=\"true\" data-complete=\"true\">\n<li class=\"dF3vjf\" data-sfc-root=\"c\" data-sfc-cb=\"\" data-hveid=\"CAEIBxAA\" data-complete=\"true\" data-sae=\"\"><span class=\"T286Pc\" data-sfc-cp=\"\" data-sfc-root=\"c\" data-sfc-cb=\"\" data-complete=\"true\"><strong class=\"Yjhzub\" data-sfc-root=\"c\" data-sfc-cb=\"\" data-complete=\"true\">Murtolujuus:<\/strong>\u00a0Vakuuttavat 800 kg<\/span><\/li>\n<li class=\"dF3vjf\" data-sfc-root=\"c\" data-sfc-cb=\"\" data-hveid=\"CAEIBxAB\" data-complete=\"true\" data-sae=\"\"><span class=\"T286Pc\" data-sfc-cp=\"\" data-sfc-root=\"c\" data-sfc-cb=\"\" data-complete=\"true\"><strong class=\"Yjhzub\" data-sfc-root=\"c\" data-sfc-cb=\"\" data-complete=\"true\">Leveys:<\/strong>\u00a038 mm (tukeva pito)<\/span><\/li>\n<li class=\"dF3vjf\" data-sfc-root=\"c\" data-sfc-cb=\"\" data-hveid=\"CAEIBxAC\" data-complete=\"true\" data-sae=\"\"><span class=\"T286Pc\" data-sfc-cp=\"\" data-sfc-root=\"c\" data-sfc-cb=\"\" data-complete=\"true\"><strong class=\"Yjhzub\" data-sfc-root=\"c\" data-sfc-cb=\"\" data-complete=\"true\">Pituus:<\/strong>\u00a01,05 m (t\u00e4ydellinen pikasidontaan)<\/span><\/li>\n<li class=\"dF3vjf\" data-sfc-root=\"c\" data-sfc-cb=\"\" data-hveid=\"CAEIBxAD\" data-complete=\"true\" data-sae=\"\"><span class=\"T286Pc\" data-sfc-cp=\"\" data-sfc-root=\"c\" data-sfc-cb=\"\" data-complete=\"true\"><strong class=\"Yjhzub\" data-sfc-root=\"c\" data-sfc-cb=\"\" data-complete=\"true\">V\u00e4ri: <\/strong>\u00a0vaaleansininen<\/span><\/li>\n<li class=\"dF3vjf\" data-sfc-root=\"c\" data-sfc-cb=\"\" data-hveid=\"CAEIBxAE\" data-sae=\"\" data-complete=\"true\"><span class=\"T286Pc\" data-sfc-cp=\"\" data-sfc-root=\"c\" data-sfc-cb=\"\" data-complete=\"true\"><strong class=\"Yjhzub\" data-sfc-root=\"c\" data-sfc-cb=\"\" data-complete=\"true\">Hinta:<\/strong>\u00a0Vain\u00a0<strong class=\"Yjhzub\" data-sfc-root=\"c\" data-sfc-cb=\"\" data-complete=\"true\">2,50 \u20ac \/ kpl<\/strong>\u00a0(alv 0 %)<\/span><button class=\"rBl3me\" tabindex=\"0\" data-amic=\"true\" data-icl-uuid=\"3a9db65e-dffe-472b-9074-65f205e77ac2\" aria-label=\"N\u00e4yt\u00e4 aiheeseen liittyv\u00e4t linkit\" data-wiz-attrbind=\"disabled=erKaHe_1p\/C5gNJc;aria-label=erKaHe_1p\/bOjMyf;class=erKaHe_1p\/UpSNec\" data-ved=\"2ahUKEwibkLiRmMeTAxV9UVUIHU6sBjMQye0OegYIAQgHEAU\" data-hveid=\"CAEIBxAF\"><\/button><\/li>\n<\/ul>\n<div class=\"Y3BBE\" data-sfc-cp=\"\" data-sfc-root=\"c\" data-sfc-cb=\"\" data-hveid=\"CAEICBAA\" data-complete=\"true\" data-processed=\"true\">T\u00e4m\u00e4 pikaliina on t\u00e4ydellinen valinta niin rakennusty\u00f6maille, teollisuuteen kuin vaativalle harrastajalle, joka arvostaa laatua. Vaaleansininen v\u00e4ri l\u00f6ytyy helposti varaston uumenista ja erottuu edukseen.<button class=\"rBl3me\" tabindex=\"0\" data-amic=\"true\" data-icl-uuid=\"1ca0678a-7003-4d44-a4b4-d17d74379f1f\" aria-label=\"N\u00e4yt\u00e4 aiheeseen liittyv\u00e4t linkit\" data-wiz-attrbind=\"disabled=erKaHe_1t\/C5gNJc;aria-label=erKaHe_1t\/bOjMyf;class=erKaHe_1t\/UpSNec\" data-ved=\"2ahUKEwibkLiRmMeTAxV9UVUIHU6sBjMQye0OegYIAQgIEAE\" data-hveid=\"CAEICBAB\"><\/button><\/div>\n<div class=\"Y3BBE\" data-sfc-cp=\"\" data-sfc-root=\"c\" data-sfc-cb=\"\" data-hveid=\"CAEICRAA\" data-complete=\"true\" data-processed=\"true\">\ud83d\udc49\u00a0<strong class=\"Yjhzub\" data-sfc-root=\"c\" data-sfc-cb=\"\" data-complete=\"true\" data-processed=\"true\">Tilaa heti:<\/strong>\u00a0<span class=\"T286Pc\" data-sfc-cp=\"\" data-sfc-root=\"c\" data-sfc-cb=\"\" data-complete=\"true\" data-processed=\"true\">www.telinemyynti.fi<\/span><br data-sfc-root=\"c\" data-sfc-pl=\"|[]\" data-sfc-cb=\"\" data-complete=\"true\" data-processed=\"true\" \/>\ud83d\udcde\u00a0<strong class=\"Yjhzub\" data-sfc-root=\"c\" data-sfc-cb=\"\" data-complete=\"true\" data-processed=\"true\">Kysy lis\u00e4\u00e4 tai tee tilaus puhelimitse:<\/strong>\u00a0044-3221293<button class=\"rBl3me\" tabindex=\"0\" data-amic=\"true\" data-icl-uuid=\"4a544279-e6a4-4e75-9bf1-06848017a9a1\" aria-label=\"N\u00e4yt\u00e4 aiheeseen liittyv\u00e4t linkit\" data-wiz-attrbind=\"disabled=erKaHe_21\/C5gNJc;aria-label=erKaHe_21\/bOjMyf;class=erKaHe_21\/UpSNec\" data-ved=\"2ahUKEwibkLiRmMeTAxV9UVUIHU6sBjMQye0OegYIAQgJEAE\" data-hveid=\"CAEICRAB\"><\/button><\/div>\n<div class=\"Y3BBE\" data-sfc-cp=\"\" data-sfc-root=\"c\" data-sfc-cb=\"\" data-hveid=\"CAEIChAA\" data-complete=\"true\" data-processed=\"true\" aria-owns=\"action-menu-parent-container\">#pikaliina #pikalukkovy\u00f6 #kuormansidonta #telinemyynti #sidontaliina #ammattilaisille #logistiikka #raksahommat #vaaleansininen #laatuvarusteet#sidontaliina<\/div>","protected":false},"featured_media":4369,"comment_status":"open","ping_status":"closed","template":"","meta":{"site-sidebar-layout":"default","site-content-layout":"","ast-site-content-layout":"default","site-content-style":"default","site-sidebar-style":"default","ast-global-header-display":"","ast-banner-title-visibility":"","ast-main-header-display":"","ast-hfb-above-header-display":"","ast-hfb-below-header-display":"","ast-hfb-mobile-header-display":"","site-post-title":"","ast-breadcrumbs-content":"","ast-featured-img":"","footer-sml-layout":"","ast-disable-related-posts":"","theme-transparent-header-meta":"default","adv-header-id-meta":"","stick-header-meta":"","header-above-stick-meta":"","header-main-stick-meta":"","header-below-stick-meta":"","astra-migrate-meta-layouts":"set","ast-page-background-enabled":"default","ast-page-background-meta":{"desktop":{"background-color":"var(--ast-global-color-4)","background-image":"","background-repeat":"repeat","background-position":"center center","background-size":"auto","background-attachment":"scroll","background-type":"","background-media":"","overlay-type":"","overlay-color":"","overlay-opacity":"","overlay-gradient":""},"tablet":{"background-color":"","background-image":"","background-repeat":"repeat","background-position":"center center","background-size":"auto","background-attachment":"scroll","background-type":"","background-media":"","overlay-type":"","overlay-color":"","overlay-opacity":"","overlay-gradient":""},"mobile":{"background-color":"","background-image":"","background-repeat":"repeat","background-position":"center center","background-size":"auto","background-attachment":"scroll","background-type":"","background-media":"","overlay-type":"","overlay-color":"","overlay-opacity":"","overlay-gradient":""}},"ast-content-background-meta":{"desktop":{"background-color":"var(--ast-global-color-5)","background-image":"","background-repeat":"repeat","background-position":"center center","background-size":"auto","background-attachment":"scroll","background-type":"","background-media":"","overlay-type":"","overlay-color":"","overlay-opacity":"","overlay-gradient":""},"tablet":{"background-color":"var(--ast-global-color-5)","background-image":"","background-repeat":"repeat","background-position":"center center","background-size":"auto","background-attachment":"scroll","background-type":"","background-media":"","overlay-type":"","overlay-color":"","overlay-opacity":"","overlay-gradient":""},"mobile":{"background-color":"var(--ast-global-color-5)","background-image":"","background-repeat":"repeat","background-position":"center center","background-size":"auto","background-attachment":"scroll","background-type":"","background-media":"","overlay-type":"","overlay-color":"","overlay-opacity":"","overlay-gradient":""}}},"product_brand":[],"product_cat":[25],"product_tag":[112,114,71,113,72,78,62],"class_list":{"0":"post-4368","1":"product","2":"type-product","3":"status-publish","4":"has-post-thumbnail","6":"product_cat-muut","7":"product_tag-kuormaliina","8":"product_tag-kuorman-sidontaliina","9":"product_tag-rakennustelinelaskuri","10":"product_tag-teline-kuormaliina","11":"product_tag-telinelaskuri","12":"product_tag-terasrakennusteline","13":"product_tag-terasteline","14":"desktop-align-left","15":"tablet-align-left","16":"mobile-align-left","18":"first","19":"instock","20":"shipping-taxable","21":"purchasable","22":"product-type-simple"},"yoast_head":"<!-- This site is optimized with the Yoast SEO plugin v27.3 - https:\/\/yoast.com\/product\/yoast-seo-wordpress\/ -->\n<title>Pikaliina pikalukko sidontaliina 1,05m\/800kg\/38mm | Telinemyynti.fi<\/title>\n<meta name=\"description\" content=\"j\u00e4m\u00e4kk\u00e4 Pikaliina ammattitason pikalukkovy\u00f6 #pikaliina #pikalukkovy\u00f6 #kuormansidonta #telinemyynti #sidontaliina #ammattilaisille\" \/>\n<meta name=\"robots\" content=\"index, follow, max-snippet:-1, max-image-preview:large, max-video-preview:-1\" \/>\n<link rel=\"canonical\" href=\"https:\/\/telinemyynti.fi\/en\/product\/pikaliina-105mm-raikalla\/\" \/>\n<meta property=\"og:locale\" content=\"en_US\" \/>\n<meta property=\"og:type\" content=\"article\" \/>\n<meta property=\"og:title\" content=\"Pikaliina pikalukko sidontaliina 1,05m\/800kg\/38mm | Telinemyynti.fi\" \/>\n<meta property=\"og:description\" content=\"j\u00e4m\u00e4kk\u00e4 Pikaliina ammattitason pikalukkovy\u00f6 #pikaliina #pikalukkovy\u00f6 #kuormansidonta #telinemyynti #sidontaliina #ammattilaisille\" \/>\n<meta property=\"og:url\" content=\"https:\/\/telinemyynti.fi\/en\/product\/pikaliina-105mm-raikalla\/\" \/>\n<meta property=\"og:site_name\" content=\"Telinemyynti\" \/>\n<meta property=\"article:modified_time\" content=\"2026-03-30T11:16:10+00:00\" \/>\n<meta property=\"og:image\" content=\"https:\/\/telinemyynti.fi\/wp-content\/uploads\/2026\/03\/20260330_110341-scaled.jpg\" \/>\n\t<meta property=\"og:image:width\" content=\"1145\" \/>\n\t<meta property=\"og:image:height\" content=\"2560\" \/>\n\t<meta property=\"og:image:type\" content=\"image\/jpeg\" \/>\n<meta name=\"twitter:card\" content=\"summary_large_image\" \/>\n<meta name=\"twitter:label1\" content=\"Est. reading time\" \/>\n\t<meta name=\"twitter:data1\" content=\"1 minute\" \/>\n<script type=\"application\/ld+json\" class=\"yoast-schema-graph\">{\"@context\":\"https:\\\/\\\/schema.org\",\"@graph\":[{\"@type\":\"WebPage\",\"@id\":\"https:\\\/\\\/telinemyynti.fi\\\/product\\\/pikaliina-105mm-raikalla\\\/\",\"url\":\"https:\\\/\\\/telinemyynti.fi\\\/product\\\/pikaliina-105mm-raikalla\\\/\",\"name\":\"Pikaliina pikalukko sidontaliina 1,05m\\\/800kg\\\/38mm | Telinemyynti.fi\",\"isPartOf\":{\"@id\":\"https:\\\/\\\/telinemyynti.fi\\\/#website\"},\"primaryImageOfPage\":{\"@id\":\"https:\\\/\\\/telinemyynti.fi\\\/product\\\/pikaliina-105mm-raikalla\\\/#primaryimage\"},\"image\":{\"@id\":\"https:\\\/\\\/telinemyynti.fi\\\/product\\\/pikaliina-105mm-raikalla\\\/#primaryimage\"},\"thumbnailUrl\":\"https:\\\/\\\/telinemyynti.fi\\\/wp-content\\\/uploads\\\/2026\\\/03\\\/20260330_110341-scaled.jpg\",\"datePublished\":\"2026-03-30T08:08:37+00:00\",\"dateModified\":\"2026-03-30T11:16:10+00:00\",\"description\":\"j\u00e4m\u00e4kk\u00e4 Pikaliina ammattitason pikalukkovy\u00f6 #pikaliina #pikalukkovy\u00f6 #kuormansidonta #telinemyynti #sidontaliina #ammattilaisille\",\"breadcrumb\":{\"@id\":\"https:\\\/\\\/telinemyynti.fi\\\/product\\\/pikaliina-105mm-raikalla\\\/#breadcrumb\"},\"inLanguage\":\"en-US\",\"potentialAction\":[{\"@type\":\"ReadAction\",\"target\":[\"https:\\\/\\\/telinemyynti.fi\\\/product\\\/pikaliina-105mm-raikalla\\\/\"]}]},{\"@type\":\"ImageObject\",\"inLanguage\":\"en-US\",\"@id\":\"https:\\\/\\\/telinemyynti.fi\\\/product\\\/pikaliina-105mm-raikalla\\\/#primaryimage\",\"url\":\"https:\\\/\\\/telinemyynti.fi\\\/wp-content\\\/uploads\\\/2026\\\/03\\\/20260330_110341-scaled.jpg\",\"contentUrl\":\"https:\\\/\\\/telinemyynti.fi\\\/wp-content\\\/uploads\\\/2026\\\/03\\\/20260330_110341-scaled.jpg\",\"width\":1145,\"height\":2560},{\"@type\":\"BreadcrumbList\",\"@id\":\"https:\\\/\\\/telinemyynti.fi\\\/product\\\/pikaliina-105mm-raikalla\\\/#breadcrumb\",\"itemListElement\":[{\"@type\":\"ListItem\",\"position\":1,\"name\":\"Home\",\"item\":\"https:\\\/\\\/telinemyynti.fi\\\/\"},{\"@type\":\"ListItem\",\"position\":2,\"name\":\"Shop\",\"item\":\"https:\\\/\\\/telinemyynti.fi\\\/shop\\\/\"},{\"@type\":\"ListItem\",\"position\":3,\"name\":\"Pikaliina 1,05mm r\u00e4ik\u00e4ll\u00e4\"}]},{\"@type\":\"WebSite\",\"@id\":\"https:\\\/\\\/telinemyynti.fi\\\/#website\",\"url\":\"https:\\\/\\\/telinemyynti.fi\\\/\",\"name\":\"Telinemyynti\",\"description\":\"\",\"publisher\":{\"@id\":\"https:\\\/\\\/telinemyynti.fi\\\/#organization\"},\"potentialAction\":[{\"@type\":\"SearchAction\",\"target\":{\"@type\":\"EntryPoint\",\"urlTemplate\":\"https:\\\/\\\/telinemyynti.fi\\\/?s={search_term_string}\"},\"query-input\":{\"@type\":\"PropertyValueSpecification\",\"valueRequired\":true,\"valueName\":\"search_term_string\"}}],\"inLanguage\":\"en-US\"},{\"@type\":\"Organization\",\"@id\":\"https:\\\/\\\/telinemyynti.fi\\\/#organization\",\"name\":\"Telinemyynti\",\"url\":\"https:\\\/\\\/telinemyynti.fi\\\/\",\"logo\":{\"@type\":\"ImageObject\",\"inLanguage\":\"en-US\",\"@id\":\"https:\\\/\\\/telinemyynti.fi\\\/#\\\/schema\\\/logo\\\/image\\\/\",\"url\":\"https:\\\/\\\/telinemyynti.fi\\\/wp-content\\\/uploads\\\/2024\\\/07\\\/logo-2.png\",\"contentUrl\":\"https:\\\/\\\/telinemyynti.fi\\\/wp-content\\\/uploads\\\/2024\\\/07\\\/logo-2.png\",\"width\":280,\"height\":156,\"caption\":\"Telinemyynti\"},\"image\":{\"@id\":\"https:\\\/\\\/telinemyynti.fi\\\/#\\\/schema\\\/logo\\\/image\\\/\"}}]}<\/script>\n<!-- \/ Yoast SEO plugin. -->","yoast_head_json":{"title":"Pikaliina pikalukko sidontaliina 1,05m\/800kg\/38mm | Telinemyynti.fi","description":"j\u00e4m\u00e4kk\u00e4 Pikaliina ammattitason pikalukkovy\u00f6 #pikaliina #pikalukkovy\u00f6 #kuormansidonta #telinemyynti #sidontaliina #ammattilaisille","robots":{"index":"index","follow":"follow","max-snippet":"max-snippet:-1","max-image-preview":"max-image-preview:large","max-video-preview":"max-video-preview:-1"},"canonical":"https:\/\/telinemyynti.fi\/en\/product\/pikaliina-105mm-raikalla\/","og_locale":"en_US","og_type":"article","og_title":"Pikaliina pikalukko sidontaliina 1,05m\/800kg\/38mm | Telinemyynti.fi","og_description":"j\u00e4m\u00e4kk\u00e4 Pikaliina ammattitason pikalukkovy\u00f6 #pikaliina #pikalukkovy\u00f6 #kuormansidonta #telinemyynti #sidontaliina #ammattilaisille","og_url":"https:\/\/telinemyynti.fi\/en\/product\/pikaliina-105mm-raikalla\/","og_site_name":"Telinemyynti","article_modified_time":"2026-03-30T11:16:10+00:00","og_image":[{"width":1145,"height":2560,"url":"https:\/\/telinemyynti.fi\/wp-content\/uploads\/2026\/03\/20260330_110341-scaled.jpg","type":"image\/jpeg"}],"twitter_card":"summary_large_image","twitter_misc":{"Est. reading time":"1 minute"},"schema":{"@context":"https:\/\/schema.org","@graph":[{"@type":"WebPage","@id":"https:\/\/telinemyynti.fi\/product\/pikaliina-105mm-raikalla\/","url":"https:\/\/telinemyynti.fi\/product\/pikaliina-105mm-raikalla\/","name":"Pikaliina pikalukko sidontaliina 1,05m\/800kg\/38mm | Telinemyynti.fi","isPartOf":{"@id":"https:\/\/telinemyynti.fi\/#website"},"primaryImageOfPage":{"@id":"https:\/\/telinemyynti.fi\/product\/pikaliina-105mm-raikalla\/#primaryimage"},"image":{"@id":"https:\/\/telinemyynti.fi\/product\/pikaliina-105mm-raikalla\/#primaryimage"},"thumbnailUrl":"https:\/\/telinemyynti.fi\/wp-content\/uploads\/2026\/03\/20260330_110341-scaled.jpg","datePublished":"2026-03-30T08:08:37+00:00","dateModified":"2026-03-30T11:16:10+00:00","description":"j\u00e4m\u00e4kk\u00e4 Pikaliina ammattitason pikalukkovy\u00f6 #pikaliina #pikalukkovy\u00f6 #kuormansidonta #telinemyynti #sidontaliina #ammattilaisille","breadcrumb":{"@id":"https:\/\/telinemyynti.fi\/product\/pikaliina-105mm-raikalla\/#breadcrumb"},"inLanguage":"en-US","potentialAction":[{"@type":"ReadAction","target":["https:\/\/telinemyynti.fi\/product\/pikaliina-105mm-raikalla\/"]}]},{"@type":"ImageObject","inLanguage":"en-US","@id":"https:\/\/telinemyynti.fi\/product\/pikaliina-105mm-raikalla\/#primaryimage","url":"https:\/\/telinemyynti.fi\/wp-content\/uploads\/2026\/03\/20260330_110341-scaled.jpg","contentUrl":"https:\/\/telinemyynti.fi\/wp-content\/uploads\/2026\/03\/20260330_110341-scaled.jpg","width":1145,"height":2560},{"@type":"BreadcrumbList","@id":"https:\/\/telinemyynti.fi\/product\/pikaliina-105mm-raikalla\/#breadcrumb","itemListElement":[{"@type":"ListItem","position":1,"name":"Home","item":"https:\/\/telinemyynti.fi\/"},{"@type":"ListItem","position":2,"name":"Shop","item":"https:\/\/telinemyynti.fi\/shop\/"},{"@type":"ListItem","position":3,"name":"Pikaliina 1,05mm r\u00e4ik\u00e4ll\u00e4"}]},{"@type":"WebSite","@id":"https:\/\/telinemyynti.fi\/#website","url":"https:\/\/telinemyynti.fi\/","name":"Telinemyynti","description":"","publisher":{"@id":"https:\/\/telinemyynti.fi\/#organization"},"potentialAction":[{"@type":"SearchAction","target":{"@type":"EntryPoint","urlTemplate":"https:\/\/telinemyynti.fi\/?s={search_term_string}"},"query-input":{"@type":"PropertyValueSpecification","valueRequired":true,"valueName":"search_term_string"}}],"inLanguage":"en-US"},{"@type":"Organization","@id":"https:\/\/telinemyynti.fi\/#organization","name":"Telinemyynti","url":"https:\/\/telinemyynti.fi\/","logo":{"@type":"ImageObject","inLanguage":"en-US","@id":"https:\/\/telinemyynti.fi\/#\/schema\/logo\/image\/","url":"https:\/\/telinemyynti.fi\/wp-content\/uploads\/2024\/07\/logo-2.png","contentUrl":"https:\/\/telinemyynti.fi\/wp-content\/uploads\/2024\/07\/logo-2.png","width":280,"height":156,"caption":"Telinemyynti"},"image":{"@id":"https:\/\/telinemyynti.fi\/#\/schema\/logo\/image\/"}}]}},"_links":{"self":[{"href":"https:\/\/telinemyynti.fi\/en\/wp-json\/wp\/v2\/product\/4368","targetHints":{"allow":["GET"]}}],"collection":[{"href":"https:\/\/telinemyynti.fi\/en\/wp-json\/wp\/v2\/product"}],"about":[{"href":"https:\/\/telinemyynti.fi\/en\/wp-json\/wp\/v2\/types\/product"}],"replies":[{"embeddable":true,"href":"https:\/\/telinemyynti.fi\/en\/wp-json\/wp\/v2\/comments?post=4368"}],"wp:featuredmedia":[{"embeddable":true,"href":"https:\/\/telinemyynti.fi\/en\/wp-json\/wp\/v2\/media\/4369"}],"wp:attachment":[{"href":"https:\/\/telinemyynti.fi\/en\/wp-json\/wp\/v2\/media?parent=4368"}],"wp:term":[{"taxonomy":"product_brand","embeddable":true,"href":"https:\/\/telinemyynti.fi\/en\/wp-json\/wp\/v2\/product_brand?post=4368"},{"taxonomy":"product_cat","embeddable":true,"href":"https:\/\/telinemyynti.fi\/en\/wp-json\/wp\/v2\/product_cat?post=4368"},{"taxonomy":"product_tag","embeddable":true,"href":"https:\/\/telinemyynti.fi\/en\/wp-json\/wp\/v2\/product_tag?post=4368"}],"curies":[{"name":"wp","href":"https:\/\/api.w.org\/{rel}","templated":true}]}}