{"id":342,"date":"2024-07-04T09:19:54","date_gmt":"2024-07-04T09:19:54","guid":{"rendered":"https:\/\/telinemyynti.fi\/?page_id=342"},"modified":"2024-08-21T09:28:39","modified_gmt":"2024-08-21T09:28:39","slug":"hungarian-certificate-emi","status":"publish","type":"page","link":"https:\/\/telinemyynti.fi\/en\/hungarian-certificate-emi\/","title":{"rendered":"Hungarian certificate EMI"},"content":{"rendered":"\t\t<div data-elementor-type=\"wp-page\" data-elementor-id=\"342\" class=\"elementor elementor-342\" data-elementor-post-type=\"page\">\n\t\t\t\t<div class=\"elementor-element elementor-element-4c1b5d8 e-flex e-con-boxed e-con e-parent\" data-id=\"4c1b5d8\" data-element_type=\"container\" data-e-type=\"container\" data-settings=\"{&quot;background_background&quot;:&quot;classic&quot;}\">\n\t\t\t\t\t<div class=\"e-con-inner\">\n\t\t\t\t<div class=\"elementor-element elementor-element-353abe8 elementor-icon-list--layout-traditional elementor-list-item-link-full_width elementor-widget elementor-widget-icon-list\" data-id=\"353abe8\" data-element_type=\"widget\" data-e-type=\"widget\" data-widget_type=\"icon-list.default\">\n\t\t\t\t<div class=\"elementor-widget-container\">\n\t\t\t\t\t\t\t<ul class=\"elementor-icon-list-items\">\n\t\t\t\t\t\t\t<li class=\"elementor-icon-list-item\">\n\t\t\t\t\t\t\t\t\t\t\t<a href=\"\/\">\n\n\t\t\t\t\t\t\t\t\t\t\t\t<span class=\"elementor-icon-list-icon\">\n\t\t\t\t\t\t\t<svg xmlns=\"http:\/\/www.w3.org\/2000\/svg\" xmlns:xlink=\"http:\/\/www.w3.org\/1999\/xlink\" width=\"24\" height=\"24\" viewBox=\"0 0 24 24\"><defs><clipPath><rect id=\"Rectangle_32\" data-name=\"Rectangle 32\" width=\"24\" height=\"24\" fill=\"#fff\"><\/rect><\/clipPath><\/defs><g id=\"arrow_back\" data-name=\"arrow back\"><g id=\"right-arrow1\" transform=\"translate(0 5.97)\"><g id=\"Group_25\" data-name=\"Group 25\"><path id=\"Path_28\" data-name=\"Path 28\" d=\"M.159,11.615h0L5.613,6.161a.545.545,0,1,1,.769.769L1.86,11.457H23.455a.545.545,0,0,1,0,1.091H1.86L6.382,17.07a.545.545,0,1,1-.769.769L.159,12.384A.545.545,0,0,1,.159,11.615Z\" transform=\"translate(0 -5.97)\" fill=\"#fff\"><\/path><\/g><\/g><\/g><\/svg>\t\t\t\t\t\t<\/span>\n\t\t\t\t\t\t\t\t\t\t<span class=\"elementor-icon-list-text\">Takana<\/span>\n\t\t\t\t\t\t\t\t\t\t\t<\/a>\n\t\t\t\t\t\t\t\t\t<\/li>\n\t\t\t\t\t\t<\/ul>\n\t\t\t\t\t\t<\/div>\n\t\t\t\t<\/div>\n\t\t<div class=\"elementor-element elementor-element-2ce63d5 e-con-full e-flex e-con e-child\" data-id=\"2ce63d5\" data-element_type=\"container\" data-e-type=\"container\">\n\t\t\t\t<div class=\"elementor-element elementor-element-6846551 elementor-widget elementor-widget-heading\" data-id=\"6846551\" data-element_type=\"widget\" data-e-type=\"widget\" data-widget_type=\"heading.default\">\n\t\t\t\t<div class=\"elementor-widget-container\">\n\t\t\t\t\t<p class=\"elementor-heading-title elementor-size-default\">SERTIFIKAATIT<\/p>\t\t\t\t<\/div>\n\t\t\t\t<\/div>\n\t\t\t\t<div class=\"elementor-element elementor-element-2f05f8d elementor-widget elementor-widget-heading\" data-id=\"2f05f8d\" data-element_type=\"widget\" data-e-type=\"widget\" data-widget_type=\"heading.default\">\n\t\t\t\t<div class=\"elementor-widget-container\">\n\t\t\t\t\t<h1 class=\"elementor-heading-title elementor-size-default\">Unkarilainen sertifikaatti \u2013 EMI (Elektromekaaninen Instituutti)\n\n\n\n\n\n\n<\/h1>\t\t\t\t<\/div>\n\t\t\t\t<\/div>\n\t\t\t\t<\/div>\n\t\t\t\t\t<\/div>\n\t\t\t\t<\/div>\n\t\t<div class=\"elementor-element elementor-element-1147174 e-flex e-con-boxed e-con e-parent\" data-id=\"1147174\" data-element_type=\"container\" data-e-type=\"container\" data-settings=\"{&quot;background_background&quot;:&quot;classic&quot;}\">\n\t\t\t\t\t<div class=\"e-con-inner\">\n\t\t<div class=\"elementor-element elementor-element-a336745 e-con-full e-flex e-con e-child\" data-id=\"a336745\" data-element_type=\"container\" data-e-type=\"container\">\n\t\t\t\t<div class=\"elementor-element elementor-element-325d650 elementor-widget elementor-widget-image\" data-id=\"325d650\" data-element_type=\"widget\" data-e-type=\"widget\" data-widget_type=\"image.default\">\n\t\t\t\t<div class=\"elementor-widget-container\">\n\t\t\t\t\t\t\t\t\t\t\t\t\t\t\t<img fetchpriority=\"high\" decoding=\"async\" width=\"727\" height=\"1024\" src=\"https:\/\/telinemyynti.fi\/wp-content\/uploads\/2024\/07\/CertyfikatWegierski-SLVM-1600x0-c-default-727x1024.jpg\" class=\"attachment-large size-large wp-image-344\" alt=\"\" srcset=\"https:\/\/telinemyynti.fi\/wp-content\/uploads\/2024\/07\/CertyfikatWegierski-SLVM-1600x0-c-default-727x1024.jpg 727w, https:\/\/telinemyynti.fi\/wp-content\/uploads\/2024\/07\/CertyfikatWegierski-SLVM-1600x0-c-default-600x846.jpg 600w, https:\/\/telinemyynti.fi\/wp-content\/uploads\/2024\/07\/CertyfikatWegierski-SLVM-1600x0-c-default-213x300.jpg 213w, https:\/\/telinemyynti.fi\/wp-content\/uploads\/2024\/07\/CertyfikatWegierski-SLVM-1600x0-c-default-768x1082.jpg 768w, https:\/\/telinemyynti.fi\/wp-content\/uploads\/2024\/07\/CertyfikatWegierski-SLVM-1600x0-c-default-1090x1536.jpg 1090w, https:\/\/telinemyynti.fi\/wp-content\/uploads\/2024\/07\/CertyfikatWegierski-SLVM-1600x0-c-default.jpg 1280w\" sizes=\"(max-width: 727px) 100vw, 727px\" \/>\t\t\t\t\t\t\t\t\t\t\t\t\t\t\t<\/div>\n\t\t\t\t<\/div>\n\t\t\t\t<\/div>\n\t\t<div class=\"elementor-element elementor-element-033ee52 e-con-full e-flex e-con e-child\" data-id=\"033ee52\" data-element_type=\"container\" data-e-type=\"container\">\n\t\t\t\t<div class=\"elementor-element elementor-element-70bb028 elementor-widget elementor-widget-heading\" data-id=\"70bb028\" data-element_type=\"widget\" data-e-type=\"widget\" data-widget_type=\"heading.default\">\n\t\t\t\t<div class=\"elementor-widget-container\">\n\t\t\t\t\t<h5 class=\"elementor-heading-title elementor-size-default\">Unkarilainen sertifikaatti \u2013 EMI (Elektromekaaninen Instituutti)\n\n\n\n\n\n\n<\/h5>\t\t\t\t<\/div>\n\t\t\t\t<\/div>\n\t\t\t\t<div class=\"elementor-element elementor-element-2f76933 elementor-widget elementor-widget-text-editor\" data-id=\"2f76933\" data-element_type=\"widget\" data-e-type=\"widget\" data-widget_type=\"text-editor.default\">\n\t\t\t\t<div class=\"elementor-widget-container\">\n\t\t\t\t\t\t\t\t\t<div class=\"flex max-w-full flex-col flex-grow\"><div class=\"min-h-[20px] text-message flex w-full flex-col items-end gap-2 break-words [.text-message+&amp;]:mt-5 overflow-x-auto whitespace-pre-wrap\" dir=\"auto\" data-message-author-role=\"assistant\" data-message-id=\"63ee5e40-4d4a-4894-a915-2255e3ff8f77\"><div class=\"flex w-full flex-col gap-1 empty:hidden first:pt-[3px]\"><div class=\"markdown prose w-full break-words dark:prose-invert dark\"><p>Unkarin EMI-instituutti, \u00c9MI \u00c9P\u00cdT\u00c9S\u00dcGYI MIN\u0150S\u00c9GELLEN\u0150RZ\u0150 INNOV\u00c1CI\u00d3S NONPROFIT KFT., on osa Euroopan rakennustutkimuslaitosten verkostoa ENBRI (European Network of Building Research). T\u00e4h\u00e4n verkostoon kuuluvat yksik\u00f6t toimivat yliopistojen ulkopuolella. Alun perin se kattoi entisen EU<\/p><div>\u00a0<\/div><p>seitsem\u00e4n maata. Nyky\u00e4\u00e4n siihen kuuluu 22 maata, mukaan lukien Puola, jota edustaa Rakennustutkimuslaitos. Yhteisty\u00f6n ja kokemusten vaihdon ansiosta ENBRI-yksik\u00f6iden my\u00f6nt\u00e4mien sertifikaattien saaminen on \u00e4\u00e4rimm\u00e4isen haastavaa.<\/p><p>Telineemme l\u00e4p\u00e4isiv\u00e4t menestyksekk\u00e4\u00e4sti sertifiointitestit Unkarin EMI-sertifiointielimess\u00e4 vuonna 2020, mik\u00e4 oli suuri saavutus meille. Ilman seuraavien tahojen apua t\u00e4m\u00e4 ei olisi ollut mahdollista:<\/p><p>\u2013 Unkarilaiset yhteisty\u00f6kumppanimme, jotka jakoivat kokemuksensa kanssamme ja auttoivat kaikissa tilanteissa.<\/p><p>\u2013 RI.SE Instituutti (aiemmin SP.SE) \u2013 Ruotsin tutkimuslaitos.<\/p><p>\u2013 IMBiGS Instituutti \u2013 Puolan Rakentamisen ja Kivenlouhinnan Mekanisoinnin Instituutti.<\/p><p>Haluamme ilmaista vilpitt\u00f6m\u00e4t kiitoksemme kaikille, jotka olivat mukana t\u00e4ss\u00e4 projektissa.<\/p><p>Unkarilaisen sertifikaatin saannin ansiosta telineemme ovat harvoja Euroopan unionissa, joilla on t\u00e4m\u00e4 sertifikaatti, ja Unkarin lain mukaisesti niit\u00e4 voidaan k\u00e4ytt\u00e4\u00e4 t\u00e4ss\u00e4 maassa.<\/p><p>RAM1-, RAM2- ja MULTI SYSTEM -telineet t\u00e4ytt\u00e4v\u00e4t EN 12810- ja 12811-standardien vaatimukset sek\u00e4 muut yksityiskohtaisesti kuvatuissa kriteereiss\u00e4 esitetyt vaatimukset. Suunnittelu ja tuotanto Euroopan standardien EN 12810 ja EN 12811 mukaisesti mahdollistaisi telineidemme k\u00e4yt\u00f6n koko Euroopan unionissa, mutta n\u00e4in ei ole, koska jokainen maa asettaa v\u00e4liaikaisille rakenteille \u2013 telineille \u2013 lis\u00e4s\u00e4\u00e4d\u00f6ksi\u00e4 ja -kriteerej\u00e4.<\/p><p>SLV-GROUP-yritys on yhteisty\u00f6ss\u00e4 monien instituuttien kanssa asettanut tavoitteekseen luoda yleisk\u00e4ytt\u00f6isen telineen, joka t\u00e4ytt\u00e4\u00e4 yksitt\u00e4isten maiden asettamat vaatimukset, s\u00e4ilytt\u00e4en samalla hintapolitiikan. Taloudellinen n\u00e4k\u00f6kulma on t\u00e4ll\u00e4 hetkell\u00e4 jarruna, koska on mahdollista valmistaa telineit\u00e4, jotka t\u00e4ytt\u00e4isiv\u00e4t kaikkien sertifiointielinten vaatimukset, mutta t\u00e4ll\u00f6in t\u00e4m\u00e4n telineen hinnan vuoksi ostajia ei olisi.<\/p><\/div><\/div><\/div><\/div><div class=\"mt-1 flex gap-3 empty:hidden -ml-2\"><div class=\"items-center justify-start rounded-xl p-1 flex\"><div class=\"flex items-center\"><div class=\"flex\">\u00a0<\/div><div class=\"flex items-center pb-0\"><div class=\"[&amp;_svg]:h-full [&amp;_svg]:w-full icon-md h-4 w-4\">\u00a0<\/div><\/div><\/div><\/div><\/div>\t\t\t\t\t\t\t\t<\/div>\n\t\t\t\t<\/div>\n\t\t\t\t<\/div>\n\t\t\t\t\t<\/div>\n\t\t\t\t<\/div>\n\t\t\t\t<\/div>\n\t\t","protected":false},"excerpt":{"rendered":"<p>Takana SERTIFIKAATIT Unkarilainen sertifikaatti \u2013 EMI (Elektromekaaninen Instituutti) Unkarilainen sertifikaatti \u2013 EMI (Elektromekaaninen Instituutti) Unkarin EMI-instituutti, \u00c9MI \u00c9P\u00cdT\u00c9S\u00dcGYI MIN\u0150S\u00c9GELLEN\u0150RZ\u0150 INNOV\u00c1CI\u00d3S [&hellip;]<\/p>\n","protected":false},"author":3,"featured_media":0,"parent":0,"menu_order":0,"comment_status":"closed","ping_status":"closed","template":"","meta":{"site-sidebar-layout":"no-sidebar","site-content-layout":"","ast-site-content-layout":"full-width-container","site-content-style":"default","site-sidebar-style":"default","ast-global-header-display":"","ast-banner-title-visibility":"","ast-main-header-display":"","ast-hfb-above-header-display":"","ast-hfb-below-header-display":"","ast-hfb-mobile-header-display":"","site-post-title":"disabled","ast-breadcrumbs-content":"","ast-featured-img":"disabled","footer-sml-layout":"","ast-disable-related-posts":"","theme-transparent-header-meta":"default","adv-header-id-meta":"","stick-header-meta":"","header-above-stick-meta":"","header-main-stick-meta":"","header-below-stick-meta":"","astra-migrate-meta-layouts":"set","ast-page-background-enabled":"default","ast-page-background-meta":{"desktop":{"background-color":"var(--ast-global-color-4)","background-image":"","background-repeat":"repeat","background-position":"center center","background-size":"auto","background-attachment":"scroll","background-type":"","background-media":"","overlay-type":"","overlay-color":"","overlay-opacity":"","overlay-gradient":""},"tablet":{"background-color":"","background-image":"","background-repeat":"repeat","background-position":"center center","background-size":"auto","background-attachment":"scroll","background-type":"","background-media":"","overlay-type":"","overlay-color":"","overlay-opacity":"","overlay-gradient":""},"mobile":{"background-color":"","background-image":"","background-repeat":"repeat","background-position":"center center","background-size":"auto","background-attachment":"scroll","background-type":"","background-media":"","overlay-type":"","overlay-color":"","overlay-opacity":"","overlay-gradient":""}},"ast-content-background-meta":{"desktop":{"background-color":"var(--ast-global-color-5)","background-image":"","background-repeat":"repeat","background-position":"center center","background-size":"auto","background-attachment":"scroll","background-type":"","background-media":"","overlay-type":"","overlay-color":"","overlay-opacity":"","overlay-gradient":""},"tablet":{"background-color":"var(--ast-global-color-5)","background-image":"","background-repeat":"repeat","background-position":"center center","background-size":"auto","background-attachment":"scroll","background-type":"","background-media":"","overlay-type":"","overlay-color":"","overlay-opacity":"","overlay-gradient":""},"mobile":{"background-color":"var(--ast-global-color-5)","background-image":"","background-repeat":"repeat","background-position":"center center","background-size":"auto","background-attachment":"scroll","background-type":"","background-media":"","overlay-type":"","overlay-color":"","overlay-opacity":"","overlay-gradient":""}},"footnotes":""},"class_list":["post-342","page","type-page","status-publish","hentry"],"yoast_head":"<!-- This site is optimized with the Yoast SEO plugin v27.3 - https:\/\/yoast.com\/product\/yoast-seo-wordpress\/ -->\n<title>Hungarian certificate EMI - Telinemyynti<\/title>\n<meta name=\"robots\" content=\"index, follow, max-snippet:-1, max-image-preview:large, max-video-preview:-1\" \/>\n<link rel=\"canonical\" href=\"https:\/\/telinemyynti.fi\/en\/hungarian-certificate-emi\/\" \/>\n<meta property=\"og:locale\" content=\"en_US\" \/>\n<meta property=\"og:type\" content=\"article\" \/>\n<meta property=\"og:title\" content=\"Hungarian certificate EMI - Telinemyynti\" \/>\n<meta property=\"og:description\" content=\"Takana SERTIFIKAATIT Unkarilainen sertifikaatti \u2013 EMI (Elektromekaaninen Instituutti) Unkarilainen sertifikaatti \u2013 EMI (Elektromekaaninen Instituutti) Unkarin EMI-instituutti, \u00c9MI \u00c9P\u00cdT\u00c9S\u00dcGYI MIN\u0150S\u00c9GELLEN\u0150RZ\u0150 INNOV\u00c1CI\u00d3S [&hellip;]\" \/>\n<meta property=\"og:url\" content=\"https:\/\/telinemyynti.fi\/en\/hungarian-certificate-emi\/\" \/>\n<meta property=\"og:site_name\" content=\"Telinemyynti\" \/>\n<meta property=\"article:modified_time\" content=\"2024-08-21T09:28:39+00:00\" \/>\n<meta property=\"og:image\" content=\"https:\/\/telinemyynti.fi\/wp-content\/uploads\/2024\/07\/CertyfikatWegierski-SLVM-1600x0-c-default.jpg\" \/>\n\t<meta property=\"og:image:width\" content=\"1280\" \/>\n\t<meta property=\"og:image:height\" content=\"1804\" \/>\n\t<meta property=\"og:image:type\" content=\"image\/jpeg\" \/>\n<meta name=\"twitter:card\" content=\"summary_large_image\" \/>\n<meta name=\"twitter:label1\" content=\"Est. reading time\" \/>\n\t<meta name=\"twitter:data1\" content=\"1 minute\" \/>\n<script type=\"application\/ld+json\" class=\"yoast-schema-graph\">{\"@context\":\"https:\\\/\\\/schema.org\",\"@graph\":[{\"@type\":\"WebPage\",\"@id\":\"https:\\\/\\\/telinemyynti.fi\\\/hungarian-certificate-emi\\\/\",\"url\":\"https:\\\/\\\/telinemyynti.fi\\\/hungarian-certificate-emi\\\/\",\"name\":\"Hungarian certificate EMI - Telinemyynti\",\"isPartOf\":{\"@id\":\"https:\\\/\\\/telinemyynti.fi\\\/#website\"},\"primaryImageOfPage\":{\"@id\":\"https:\\\/\\\/telinemyynti.fi\\\/hungarian-certificate-emi\\\/#primaryimage\"},\"image\":{\"@id\":\"https:\\\/\\\/telinemyynti.fi\\\/hungarian-certificate-emi\\\/#primaryimage\"},\"thumbnailUrl\":\"https:\\\/\\\/telinemyynti.fi\\\/wp-content\\\/uploads\\\/2024\\\/07\\\/CertyfikatWegierski-SLVM-1600x0-c-default-727x1024.jpg\",\"datePublished\":\"2024-07-04T09:19:54+00:00\",\"dateModified\":\"2024-08-21T09:28:39+00:00\",\"breadcrumb\":{\"@id\":\"https:\\\/\\\/telinemyynti.fi\\\/hungarian-certificate-emi\\\/#breadcrumb\"},\"inLanguage\":\"en-US\",\"potentialAction\":[{\"@type\":\"ReadAction\",\"target\":[\"https:\\\/\\\/telinemyynti.fi\\\/hungarian-certificate-emi\\\/\"]}]},{\"@type\":\"ImageObject\",\"inLanguage\":\"en-US\",\"@id\":\"https:\\\/\\\/telinemyynti.fi\\\/hungarian-certificate-emi\\\/#primaryimage\",\"url\":\"https:\\\/\\\/telinemyynti.fi\\\/wp-content\\\/uploads\\\/2024\\\/07\\\/CertyfikatWegierski-SLVM-1600x0-c-default-727x1024.jpg\",\"contentUrl\":\"https:\\\/\\\/telinemyynti.fi\\\/wp-content\\\/uploads\\\/2024\\\/07\\\/CertyfikatWegierski-SLVM-1600x0-c-default-727x1024.jpg\"},{\"@type\":\"BreadcrumbList\",\"@id\":\"https:\\\/\\\/telinemyynti.fi\\\/hungarian-certificate-emi\\\/#breadcrumb\",\"itemListElement\":[{\"@type\":\"ListItem\",\"position\":1,\"name\":\"Home\",\"item\":\"https:\\\/\\\/telinemyynti.fi\\\/\"},{\"@type\":\"ListItem\",\"position\":2,\"name\":\"Hungarian certificate EMI\"}]},{\"@type\":\"WebSite\",\"@id\":\"https:\\\/\\\/telinemyynti.fi\\\/#website\",\"url\":\"https:\\\/\\\/telinemyynti.fi\\\/\",\"name\":\"Telinemyynti\",\"description\":\"\",\"publisher\":{\"@id\":\"https:\\\/\\\/telinemyynti.fi\\\/#organization\"},\"potentialAction\":[{\"@type\":\"SearchAction\",\"target\":{\"@type\":\"EntryPoint\",\"urlTemplate\":\"https:\\\/\\\/telinemyynti.fi\\\/?s={search_term_string}\"},\"query-input\":{\"@type\":\"PropertyValueSpecification\",\"valueRequired\":true,\"valueName\":\"search_term_string\"}}],\"inLanguage\":\"en-US\"},{\"@type\":\"Organization\",\"@id\":\"https:\\\/\\\/telinemyynti.fi\\\/#organization\",\"name\":\"Telinemyynti\",\"url\":\"https:\\\/\\\/telinemyynti.fi\\\/\",\"logo\":{\"@type\":\"ImageObject\",\"inLanguage\":\"en-US\",\"@id\":\"https:\\\/\\\/telinemyynti.fi\\\/#\\\/schema\\\/logo\\\/image\\\/\",\"url\":\"https:\\\/\\\/telinemyynti.fi\\\/wp-content\\\/uploads\\\/2024\\\/07\\\/logo-2.png\",\"contentUrl\":\"https:\\\/\\\/telinemyynti.fi\\\/wp-content\\\/uploads\\\/2024\\\/07\\\/logo-2.png\",\"width\":280,\"height\":156,\"caption\":\"Telinemyynti\"},\"image\":{\"@id\":\"https:\\\/\\\/telinemyynti.fi\\\/#\\\/schema\\\/logo\\\/image\\\/\"}}]}<\/script>\n<!-- \/ Yoast SEO plugin. -->","yoast_head_json":{"title":"Hungarian certificate EMI - Telinemyynti","robots":{"index":"index","follow":"follow","max-snippet":"max-snippet:-1","max-image-preview":"max-image-preview:large","max-video-preview":"max-video-preview:-1"},"canonical":"https:\/\/telinemyynti.fi\/en\/hungarian-certificate-emi\/","og_locale":"en_US","og_type":"article","og_title":"Hungarian certificate EMI - Telinemyynti","og_description":"Takana SERTIFIKAATIT Unkarilainen sertifikaatti \u2013 EMI (Elektromekaaninen Instituutti) Unkarilainen sertifikaatti \u2013 EMI (Elektromekaaninen Instituutti) Unkarin EMI-instituutti, \u00c9MI \u00c9P\u00cdT\u00c9S\u00dcGYI MIN\u0150S\u00c9GELLEN\u0150RZ\u0150 INNOV\u00c1CI\u00d3S [&hellip;]","og_url":"https:\/\/telinemyynti.fi\/en\/hungarian-certificate-emi\/","og_site_name":"Telinemyynti","article_modified_time":"2024-08-21T09:28:39+00:00","og_image":[{"width":1280,"height":1804,"url":"https:\/\/telinemyynti.fi\/wp-content\/uploads\/2024\/07\/CertyfikatWegierski-SLVM-1600x0-c-default.jpg","type":"image\/jpeg"}],"twitter_card":"summary_large_image","twitter_misc":{"Est. reading time":"1 minute"},"schema":{"@context":"https:\/\/schema.org","@graph":[{"@type":"WebPage","@id":"https:\/\/telinemyynti.fi\/hungarian-certificate-emi\/","url":"https:\/\/telinemyynti.fi\/hungarian-certificate-emi\/","name":"Hungarian certificate EMI - Telinemyynti","isPartOf":{"@id":"https:\/\/telinemyynti.fi\/#website"},"primaryImageOfPage":{"@id":"https:\/\/telinemyynti.fi\/hungarian-certificate-emi\/#primaryimage"},"image":{"@id":"https:\/\/telinemyynti.fi\/hungarian-certificate-emi\/#primaryimage"},"thumbnailUrl":"https:\/\/telinemyynti.fi\/wp-content\/uploads\/2024\/07\/CertyfikatWegierski-SLVM-1600x0-c-default-727x1024.jpg","datePublished":"2024-07-04T09:19:54+00:00","dateModified":"2024-08-21T09:28:39+00:00","breadcrumb":{"@id":"https:\/\/telinemyynti.fi\/hungarian-certificate-emi\/#breadcrumb"},"inLanguage":"en-US","potentialAction":[{"@type":"ReadAction","target":["https:\/\/telinemyynti.fi\/hungarian-certificate-emi\/"]}]},{"@type":"ImageObject","inLanguage":"en-US","@id":"https:\/\/telinemyynti.fi\/hungarian-certificate-emi\/#primaryimage","url":"https:\/\/telinemyynti.fi\/wp-content\/uploads\/2024\/07\/CertyfikatWegierski-SLVM-1600x0-c-default-727x1024.jpg","contentUrl":"https:\/\/telinemyynti.fi\/wp-content\/uploads\/2024\/07\/CertyfikatWegierski-SLVM-1600x0-c-default-727x1024.jpg"},{"@type":"BreadcrumbList","@id":"https:\/\/telinemyynti.fi\/hungarian-certificate-emi\/#breadcrumb","itemListElement":[{"@type":"ListItem","position":1,"name":"Home","item":"https:\/\/telinemyynti.fi\/"},{"@type":"ListItem","position":2,"name":"Hungarian certificate EMI"}]},{"@type":"WebSite","@id":"https:\/\/telinemyynti.fi\/#website","url":"https:\/\/telinemyynti.fi\/","name":"Telinemyynti","description":"","publisher":{"@id":"https:\/\/telinemyynti.fi\/#organization"},"potentialAction":[{"@type":"SearchAction","target":{"@type":"EntryPoint","urlTemplate":"https:\/\/telinemyynti.fi\/?s={search_term_string}"},"query-input":{"@type":"PropertyValueSpecification","valueRequired":true,"valueName":"search_term_string"}}],"inLanguage":"en-US"},{"@type":"Organization","@id":"https:\/\/telinemyynti.fi\/#organization","name":"Telinemyynti","url":"https:\/\/telinemyynti.fi\/","logo":{"@type":"ImageObject","inLanguage":"en-US","@id":"https:\/\/telinemyynti.fi\/#\/schema\/logo\/image\/","url":"https:\/\/telinemyynti.fi\/wp-content\/uploads\/2024\/07\/logo-2.png","contentUrl":"https:\/\/telinemyynti.fi\/wp-content\/uploads\/2024\/07\/logo-2.png","width":280,"height":156,"caption":"Telinemyynti"},"image":{"@id":"https:\/\/telinemyynti.fi\/#\/schema\/logo\/image\/"}}]}},"_links":{"self":[{"href":"https:\/\/telinemyynti.fi\/en\/wp-json\/wp\/v2\/pages\/342","targetHints":{"allow":["GET"]}}],"collection":[{"href":"https:\/\/telinemyynti.fi\/en\/wp-json\/wp\/v2\/pages"}],"about":[{"href":"https:\/\/telinemyynti.fi\/en\/wp-json\/wp\/v2\/types\/page"}],"author":[{"embeddable":true,"href":"https:\/\/telinemyynti.fi\/en\/wp-json\/wp\/v2\/users\/3"}],"replies":[{"embeddable":true,"href":"https:\/\/telinemyynti.fi\/en\/wp-json\/wp\/v2\/comments?post=342"}],"version-history":[{"count":49,"href":"https:\/\/telinemyynti.fi\/en\/wp-json\/wp\/v2\/pages\/342\/revisions"}],"predecessor-version":[{"id":2972,"href":"https:\/\/telinemyynti.fi\/en\/wp-json\/wp\/v2\/pages\/342\/revisions\/2972"}],"wp:attachment":[{"href":"https:\/\/telinemyynti.fi\/en\/wp-json\/wp\/v2\/media?parent=342"}],"curies":[{"name":"wp","href":"https:\/\/api.w.org\/{rel}","templated":true}]}}